{"id":2779,"date":"2020-12-07T11:54:33","date_gmt":"2020-12-07T10:54:33","guid":{"rendered":"https:\/\/esportsmunicipalsalzira.com\/?page_id=2779"},"modified":"2025-11-26T10:49:27","modified_gmt":"2025-11-26T09:49:27","slug":"installacions-esportives","status":"publish","type":"page","link":"https:\/\/esportsmunicipalsalzira.com\/es\/installacions-esportives\/","title":{"rendered":"Instalaciones"},"content":{"rendered":"<div class=\"vc_row wpb_row row vc_custom_1607595648875\"><div class=\"vc_column_container col-md-12\"><div class=\"wpb_wrapper vc_column-inner\">\n\t<div class=\"wpb_text_column wpb_content_element\" >\n\t\t<div class=\"wpb_wrapper\">\n\t\t\t<h1 style=\"text-align: center;\">INSTALACIONES DEPORTIVAS<\/h1>\n\n\t\t<\/div>\n\t<\/div>\n<\/div><\/div><\/div><div class=\"vc_row wpb_row row\"><div class=\"vc_column_container col-md-6\"><div class=\"wpb_wrapper vc_column-inner\">\n\t<div class=\"wpb_single_image wpb_content_element vc_align_center\">\n\t\t<div class=\"wpb_wrapper\">\n\t\t\t\n\t\t\t<a href=\"https:\/\/esportsmunicipalsalzira.com\/es\/installacions\/estadi-lluis-suner-pico\/\" target=\"_self\"><div class=\"vc_single_image-wrapper   vc_box_border_grey\"><img loading=\"lazy\" decoding=\"async\" class=\"vc_single_image-img\" src=\"https:\/\/esportsmunicipalsalzira.com\/wp-content\/uploads\/2020\/12\/IMG_0752-300x300.jpg\" width=\"300\" height=\"300\" alt=\"IMG_0752\" title=\"IMG_0752\" \/><\/div><\/a>\n\t\t<\/div>\n\t<\/div>\n<div class=\"porto-u-heading  wpb_custom_95aa9a11c17ad45cfabaf210d84ee7cc porto-u-6468\"><div class=\"porto-u-main-heading\"><h2  >Estadio Lluis Su\u00f1er Pic\u00f3<\/h2><\/div><style>.porto-u-6468.porto-u-heading{text-align:center}<\/style><\/div><div class=\"vc_btn3-container vc_btn3-center\" >\n\t<a class=\"vc_btn3 vc_btn3-shape-default btn btn-lg btn-primary\" href=\"https:\/\/esportsmunicipalsalzira.com\/es\/installacions\/estadi-lluis-suner-pico\/\" title=\"\">M\u00e1s informaci\u00f3n<\/a>\t<\/div>\n<\/div><\/div><div class=\"vc_column_container col-md-6\"><div class=\"wpb_wrapper vc_column-inner\">\n\t<div class=\"wpb_single_image wpb_content_element vc_align_center\">\n\t\t<div class=\"wpb_wrapper\">\n\t\t\t\n\t\t\t<a href=\"https:\/\/esportsmunicipalsalzira.com\/es\/installacions\/poliesportiu-fontana-mogort\/\" target=\"_self\"><div class=\"vc_single_image-wrapper   vc_box_border_grey\"><img loading=\"lazy\" decoding=\"async\" class=\"vc_single_image-img\" src=\"https:\/\/esportsmunicipalsalzira.com\/wp-content\/uploads\/2020\/12\/IMG_0948-300x300.jpg\" width=\"300\" height=\"300\" alt=\"IMG_0948\" title=\"IMG_0948\" \/><\/div><\/a>\n\t\t<\/div>\n\t<\/div>\n<div class=\"porto-u-heading  wpb_custom_95aa9a11c17ad45cfabaf210d84ee7cc porto-u-5201\"><div class=\"porto-u-main-heading\"><h2  >Polideportivo Fontana Mogort<\/h2><\/div><style>.porto-u-5201.porto-u-heading{text-align:center}<\/style><\/div><div class=\"vc_btn3-container vc_btn3-center\" >\n\t<a class=\"vc_btn3 vc_btn3-shape-default btn btn-lg btn-primary\" href=\"https:\/\/esportsmunicipalsalzira.com\/es\/installacions\/poliesportiu-fontana-mogort\/\" title=\"\">M\u00e1s informaci\u00f3n<\/a>\t<\/div>\n<\/div><\/div><\/div><div class=\"vc_row wpb_row row\"><div class=\"vc_column_container col-md-6\"><div class=\"wpb_wrapper vc_column-inner\">\n\t<div class=\"wpb_single_image wpb_content_element vc_align_center\">\n\t\t<div class=\"wpb_wrapper\">\n\t\t\t\n\t\t\t<a href=\"https:\/\/esportsmunicipalsalzira.com\/es\/installacions\/camp-desports-venecia\/\" target=\"_self\"><div class=\"vc_single_image-wrapper   vc_box_border_grey\"><img loading=\"lazy\" decoding=\"async\" class=\"vc_single_image-img\" src=\"https:\/\/esportsmunicipalsalzira.com\/wp-content\/uploads\/2020\/12\/IMG_0521-300x300.jpg\" width=\"300\" height=\"300\" alt=\"IMG_0521\" title=\"IMG_0521\" \/><\/div><\/a>\n\t\t<\/div>\n\t<\/div>\n<div class=\"porto-u-heading  wpb_custom_95aa9a11c17ad45cfabaf210d84ee7cc porto-u-6658\"><div class=\"porto-u-main-heading\"><h2  >Campo de Deportes Venecia<\/h2><\/div><style>.porto-u-6658.porto-u-heading{text-align:center}<\/style><\/div><div class=\"vc_btn3-container vc_btn3-center\" >\n\t<a class=\"vc_btn3 vc_btn3-shape-default btn btn-lg btn-primary\" href=\"https:\/\/esportsmunicipalsalzira.com\/es\/installacions\/camp-desports-venecia\/\" title=\"\">M\u00e1s informaci\u00f3n<\/a>\t<\/div>\n<\/div><\/div><div class=\"vc_column_container col-md-6\"><div class=\"wpb_wrapper vc_column-inner\">\n\t<div class=\"wpb_single_image wpb_content_element vc_align_center\">\n\t\t<div class=\"wpb_wrapper\">\n\t\t\t\n\t\t\t<a href=\"https:\/\/esportsmunicipalsalzira.com\/es\/installacions\/palau-desports\/\" target=\"_self\"><div class=\"vc_single_image-wrapper   vc_box_border_grey\"><img loading=\"lazy\" decoding=\"async\" class=\"vc_single_image-img\" src=\"https:\/\/esportsmunicipalsalzira.com\/wp-content\/uploads\/2020\/12\/IMG_0981-300x300.jpg\" width=\"300\" height=\"300\" alt=\"IMG_0981\" title=\"IMG_0981\" \/><\/div><\/a>\n\t\t<\/div>\n\t<\/div>\n<div class=\"porto-u-heading  wpb_custom_95aa9a11c17ad45cfabaf210d84ee7cc porto-u-3120\"><div class=\"porto-u-main-heading\"><h2  >Palacio de Deportes<\/h2><\/div><style>.porto-u-3120.porto-u-heading{text-align:center}<\/style><\/div><div class=\"vc_btn3-container vc_btn3-center\" >\n\t<a class=\"vc_btn3 vc_btn3-shape-default btn btn-lg btn-primary\" href=\"https:\/\/esportsmunicipalsalzira.com\/es\/installacions\/palau-desports\/\" title=\"\">M\u00e1s informaci\u00f3n<\/a>\t<\/div>\n<\/div><\/div><\/div><div class=\"vc_row wpb_row row\"><div class=\"vc_column_container col-md-6\"><div class=\"wpb_wrapper vc_column-inner\">\n\t<div class=\"wpb_single_image wpb_content_element vc_align_center\">\n\t\t<div class=\"wpb_wrapper\">\n\t\t\t\n\t\t\t<a href=\"https:\/\/esportsmunicipalsalzira.com\/es\/installacions\/poliesportiu-perez-puig\/\" target=\"_self\"><div class=\"vc_single_image-wrapper   vc_box_border_grey\"><img loading=\"lazy\" decoding=\"async\" class=\"vc_single_image-img\" src=\"https:\/\/esportsmunicipalsalzira.com\/wp-content\/uploads\/2020\/12\/IMG_1022-300x300.jpg\" width=\"300\" height=\"300\" alt=\"IMG_1022\" title=\"IMG_1022\" \/><\/div><\/a>\n\t\t<\/div>\n\t<\/div>\n<div class=\"porto-u-heading  wpb_custom_95aa9a11c17ad45cfabaf210d84ee7cc porto-u-2127\"><div class=\"porto-u-main-heading\"><h2  >Polideportivo P\u00e9rez Puig<\/h2><\/div><style>.porto-u-2127.porto-u-heading{text-align:center}<\/style><\/div><div class=\"vc_btn3-container vc_btn3-center\" >\n\t<a class=\"vc_btn3 vc_btn3-shape-default btn btn-lg btn-primary\" href=\"https:\/\/esportsmunicipalsalzira.com\/es\/installacions\/poliesportiu-perez-puig\/\" title=\"\">M\u00e1s informaci\u00f3n<\/a>\t<\/div>\n<\/div><\/div><div class=\"vc_column_container col-md-6\"><div class=\"wpb_wrapper vc_column-inner\">\n\t<div class=\"wpb_single_image wpb_content_element vc_align_center\">\n\t\t<div class=\"wpb_wrapper\">\n\t\t\t\n\t\t\t<a href=\"https:\/\/esportsmunicipalsalzira.com\/es\/installacions\/ciutat-esportiva-jorge-martinez-salvadores-aspar\/\" target=\"_self\"><div class=\"vc_single_image-wrapper   vc_box_border_grey\"><img loading=\"lazy\" decoding=\"async\" class=\"vc_single_image-img\" src=\"https:\/\/esportsmunicipalsalzira.com\/wp-content\/uploads\/2020\/12\/IMG_0925-300x300.jpg\" width=\"300\" height=\"300\" alt=\"IMG_0925\" title=\"IMG_0925\" \/><\/div><\/a>\n\t\t<\/div>\n\t<\/div>\n<div class=\"porto-u-heading  wpb_custom_95aa9a11c17ad45cfabaf210d84ee7cc porto-u-1283\"><div class=\"porto-u-main-heading\"><h2  >Ciudad Deportiva Jorge Mart\u00ednez Salvadores Aspar<\/h2><\/div><style>.porto-u-1283.porto-u-heading{text-align:center}<\/style><\/div><div class=\"vc_btn3-container vc_btn3-center\" >\n\t<a class=\"vc_btn3 vc_btn3-shape-default btn btn-lg btn-primary\" href=\"https:\/\/esportsmunicipalsalzira.com\/es\/installacions\/ciutat-esportiva-jorge-martinez-salvadores-aspar\/\" title=\"\">M\u00e1s informaci\u00f3n<\/a>\t<\/div>\n<\/div><\/div><\/div><div class=\"vc_row wpb_row row\"><div class=\"vc_column_container col-md-6\"><div class=\"wpb_wrapper vc_column-inner\">\n\t<div class=\"wpb_single_image wpb_content_element vc_align_center\">\n\t\t<div class=\"wpb_wrapper\">\n\t\t\t\n\t\t\t<a href=\"https:\/\/esportsmunicipalsalzira.com\/es\/portfolio\/trinquet-municipal\/\" target=\"_self\"><div class=\"vc_single_image-wrapper   vc_box_border_grey\"><img loading=\"lazy\" decoding=\"async\" class=\"vc_single_image-img\" src=\"https:\/\/esportsmunicipalsalzira.com\/wp-content\/uploads\/2020\/12\/IMG_0676-300x300.jpg\" width=\"300\" height=\"300\" alt=\"IMG_0676\" title=\"IMG_0676\" \/><\/div><\/a>\n\t\t<\/div>\n\t<\/div>\n<div class=\"porto-u-heading  wpb_custom_95aa9a11c17ad45cfabaf210d84ee7cc porto-u-4086\"><div class=\"porto-u-main-heading\"><h2  >Nuevo Trinquete<\/h2><\/div><style>.porto-u-4086.porto-u-heading{text-align:center}<\/style><\/div><div class=\"vc_btn3-container vc_btn3-center\" >\n\t<a class=\"vc_btn3 vc_btn3-shape-default btn btn-lg btn-primary\" href=\"https:\/\/esportsmunicipalsalzira.com\/es\/portfolio\/trinquet-municipal\/\" title=\"\">M\u00e1s informaci\u00f3n<\/a>\t<\/div>\n<\/div><\/div><div class=\"vc_column_container col-md-6\"><div class=\"wpb_wrapper vc_column-inner\">\n\t<div class=\"wpb_single_image wpb_content_element vc_align_center\">\n\t\t<div class=\"wpb_wrapper\">\n\t\t\t\n\t\t\t<a href=\"https:\/\/piscina.esportsmunicipalsalzira.com\/\" target=\"_self\"><div class=\"vc_single_image-wrapper   vc_box_border_grey\"><img loading=\"lazy\" decoding=\"async\" class=\"vc_single_image-img\" src=\"https:\/\/esportsmunicipalsalzira.com\/wp-content\/uploads\/2020\/12\/banner-piscina-300x300.jpg\" width=\"300\" height=\"300\" alt=\"banner-piscina\" title=\"banner-piscina\" \/><\/div><\/a>\n\t\t<\/div>\n\t<\/div>\n<div class=\"porto-u-heading  wpb_custom_95aa9a11c17ad45cfabaf210d84ee7cc porto-u-9683\"><div class=\"porto-u-main-heading\"><h2  >Piscina<\/h2><\/div><style>.porto-u-9683.porto-u-heading{text-align:center}<\/style><\/div><div class=\"vc_btn3-container vc_btn3-center\" >\n\t<a class=\"vc_btn3 vc_btn3-shape-default btn btn-lg btn-primary\" href=\"https:\/\/piscina.esportsmunicipalsalzira.com\/\" title=\"\">M\u00e1s informaci\u00f3n<\/a>\t<\/div>\n<\/div><\/div><\/div><div class=\"vc_row wpb_row row\"><div class=\"vc_column_container col-md-6\"><div class=\"wpb_wrapper vc_column-inner\">\n\t<div class=\"wpb_single_image wpb_content_element vc_align_center\">\n\t\t<div class=\"wpb_wrapper\">\n\t\t\t\n\t\t\t<a href=\"https:\/\/esportsmunicipalsalzira.com\/es\/installacions\/nou-trinquet\/\" target=\"_self\"><div class=\"vc_single_image-wrapper   vc_box_border_grey\"><img loading=\"lazy\" decoding=\"async\" class=\"vc_single_image-img\" src=\"https:\/\/esportsmunicipalsalzira.com\/wp-content\/uploads\/2022\/01\/btt-300x300.jpg\" width=\"300\" height=\"300\" alt=\"btt\" title=\"btt\" \/><\/div><\/a>\n\t\t<\/div>\n\t<\/div>\n<div class=\"porto-u-heading  wpb_custom_95aa9a11c17ad45cfabaf210d84ee7cc porto-u-6302\"><div class=\"porto-u-main-heading\"><h2  >Centro BTT LA RIBERA<\/h2><\/div><style>.porto-u-6302.porto-u-heading{text-align:center}<\/style><\/div><div class=\"vc_btn3-container vc_btn3-center\" >\n\t<a class=\"vc_btn3 vc_btn3-shape-default btn btn-lg btn-primary\" href=\"https:\/\/www.comunitatvalenciana.com\/va\/valencia\/alzira\/centres-btt\/centre-btt-la-ribera\" title=\"\">M\u00e1s informaci\u00f3n<\/a>\t<\/div>\n<\/div><\/div><div class=\"vc_column_container col-md-6\"><div class=\"wpb_wrapper vc_column-inner\"><\/div><\/div><\/div>","protected":false},"excerpt":{"rendered":"INSTALACIONES DEPORTIVAS Estadio Lluis Su\u00f1er Pic\u00f3 M\u00e1s informaci\u00f3n Polideportivo Fontana Mogort M\u00e1s informaci\u00f3n Campo de Deportes Venecia M\u00e1s informaci\u00f3n Palacio de Deportes M\u00e1s informaci\u00f3n Polideportivo P\u00e9rez Puig M\u00e1s informaci\u00f3n Ciudad Deportiva Jorge Mart\u00ednez Salvadores Aspar M\u00e1s informaci\u00f3n Nuevo Trinquete M\u00e1s informaci\u00f3n Piscina M\u00e1s informaci\u00f3n Centro BTT LA RIBERA M\u00e1s informaci\u00f3n","protected":false},"author":1,"featured_media":0,"parent":0,"menu_order":0,"comment_status":"closed","ping_status":"closed","template":"","meta":{"footnotes":""},"class_list":["post-2779","page","type-page","status-publish","hentry"],"_links":{"self":[{"href":"https:\/\/esportsmunicipalsalzira.com\/es\/wp-json\/wp\/v2\/pages\/2779","targetHints":{"allow":["GET"]}}],"collection":[{"href":"https:\/\/esportsmunicipalsalzira.com\/es\/wp-json\/wp\/v2\/pages"}],"about":[{"href":"https:\/\/esportsmunicipalsalzira.com\/es\/wp-json\/wp\/v2\/types\/page"}],"author":[{"embeddable":true,"href":"https:\/\/esportsmunicipalsalzira.com\/es\/wp-json\/wp\/v2\/users\/1"}],"replies":[{"embeddable":true,"href":"https:\/\/esportsmunicipalsalzira.com\/es\/wp-json\/wp\/v2\/comments?post=2779"}],"version-history":[{"count":18,"href":"https:\/\/esportsmunicipalsalzira.com\/es\/wp-json\/wp\/v2\/pages\/2779\/revisions"}],"predecessor-version":[{"id":9890,"href":"https:\/\/esportsmunicipalsalzira.com\/es\/wp-json\/wp\/v2\/pages\/2779\/revisions\/9890"}],"wp:attachment":[{"href":"https:\/\/esportsmunicipalsalzira.com\/es\/wp-json\/wp\/v2\/media?parent=2779"}],"curies":[{"name":"wp","href":"https:\/\/api.w.org\/{rel}","templated":true}]}}