{"id":2781,"date":"2020-12-07T11:40:12","date_gmt":"2020-12-07T10:40:12","guid":{"rendered":"https:\/\/esportsmunicipalsalzira.com\/?page_id=2781"},"modified":"2020-12-16T12:14:47","modified_gmt":"2020-12-16T11:14:47","slug":"club-ajedrez-alzira","status":"publish","type":"page","link":"https:\/\/esportsmunicipalsalzira.com\/es\/club-ajedrez-alzira\/","title":{"rendered":"CLUB AJEDREZ ALZIRA"},"content":{"rendered":"<div class=\"vc_row wpb_row row my-3 mt-md-0\"><div class=\"vc_column_container col-md-12\"><div class=\"wpb_wrapper vc_column-inner\">\n\t<div class=\"wpb_single_image wpb_content_element vc_align_center\">\n\t\t<div class=\"wpb_wrapper\">\n\t\t\t\n\t\t\t<div class=\"vc_single_image-wrapper   vc_box_border_grey\"><img loading=\"lazy\" decoding=\"async\" width=\"300\" height=\"300\" src=\"https:\/\/esportsmunicipalsalzira.com\/wp-content\/uploads\/2020\/12\/CLUB-AJEDREZ-ALZIRA-1.jpg\" class=\"vc_single_image-img attachment-full\" alt=\"\" \/><\/div>\n\t\t<\/div>\n\t<\/div>\n<h1 style=\"text-align: center;letter-spacing:0\" class=\"vc_custom_heading pt-3 mb-0\">CLUB AJEDREZ ALZIRA<\/h1><div class=\"vc_empty_space\"   style=\"height: 100px\"><span class=\"vc_empty_space_inner\"><\/span><\/div><div class=\"porto-ultimate-content-box-container\"><style>#porto_ucb_7699{will-change: box-shadow;box-shadow:0px 0px 35px -5px rgba(0,0,0,0.1);}#porto_ucb_7699:hover{box-shadow:0px 0px 35px -5px rgba(0,0,0,0.1)}<\/style><div class=\"porto-ultimate-content-box vc_custom_1607333852201\" style=\"border:1px solid #e8e8e8;\" id=\"porto_ucb_7699\">\n\t<div class=\"wpb_text_column wpb_content_element\" >\n\t\t<div class=\"wpb_wrapper\">\n\t\t\t<p style=\"text-align: center;\"><strong>deporte: <\/strong><span style=\"color: #202122;\"><span style=\"font-family: Arial, serif;\">AJEDREZ<\/span><\/span><\/p>\n\n\t\t<\/div>\n\t<\/div>\n\n\t<div class=\"wpb_text_column wpb_content_element\" >\n\t\t<div class=\"wpb_wrapper\">\n\t\t\t<p style=\"text-align: center;\"><strong>ubicaci\u00f3n<\/strong>: <span style=\"color: #202122;\"><span style=\"font-family: Arial, serif;\">Calle Pere Morell, 6 Alzira<\/span><\/span><\/p>\n\n\t\t<\/div>\n\t<\/div>\n\n\t<div class=\"wpb_text_column wpb_content_element\" >\n\t\t<div class=\"wpb_wrapper\">\n\t\t\t<p style=\"text-align: center;\"><strong>Equipo Directivo y Otros:<\/strong><\/p>\n\n\t\t<\/div>\n\t<\/div>\n\n\t<div class=\"wpb_text_column wpb_content_element\" >\n\t\t<div class=\"wpb_wrapper\">\n\t\t\t<p style=\"text-align: center;\"><strong>presidente: <\/strong><span style=\"color: #202122;\"><span style=\"font-family: Arial, serif;\">Jes\u00fas Gerona Maura<\/span><\/span><\/p>\n\n\t\t<\/div>\n\t<\/div>\n\n\t<div class=\"wpb_text_column wpb_content_element\" >\n\t\t<div class=\"wpb_wrapper\">\n\t\t\t<p style=\"text-align: center;\"><strong>secretario: <\/strong><span style=\"color: #202122;\"><span style=\"font-family: Arial, serif;\">Juan Antonio Toledano Llinares<\/span><\/span><\/p>\n\n\t\t<\/div>\n\t<\/div>\n\n\t<div class=\"wpb_text_column wpb_content_element\" >\n\t\t<div class=\"wpb_wrapper\">\n\t\t\t<p style=\"text-align: center;\"><strong>director t\u00e9cnico<\/strong>: <span style=\"color: #202122;\"><span style=\"font-family: Arial, serif;\">German Porras Boronat<\/span><\/span><\/p>\n\n\t\t<\/div>\n\t<\/div>\n\n\t<div class=\"wpb_text_column wpb_content_element\" >\n\t\t<div class=\"wpb_wrapper\">\n\t\t\t<p style=\"text-align: center;\"><strong>entrenadores:<\/strong><\/p>\n\n\t\t<\/div>\n\t<\/div>\n\n\t<div class=\"wpb_text_column wpb_content_element\" >\n\t\t<div class=\"wpb_wrapper\">\n\t\t\t<p class=\"western\" lang=\"es-ES\" style=\"text-align: center;\">Jes\u00fas Gerona Maura y German Porras Boronat<\/p>\n\n\t\t<\/div>\n\t<\/div>\n\n\t<div class=\"wpb_text_column wpb_content_element\" >\n\t\t<div class=\"wpb_wrapper\">\n\t\t\t<p style=\"text-align: center;\"><strong>Liga<\/strong>: <span style=\"color: #202122;\"><span style=\"font-family: Arial, serif;\">4 equipos ALZIRA ABCD<\/span><\/span><\/p>\n\n\t\t<\/div>\n\t<\/div>\n\n\t<div class=\"wpb_text_column wpb_content_element\" >\n\t\t<div class=\"wpb_wrapper\">\n\t\t\t<p style=\"text-align: center;\"><strong>Usuario<\/strong>: <span style=\"color: #202122;\"><span style=\"font-family: Arial, serif;\">1971<\/span><\/span><\/p>\n\n\t\t<\/div>\n\t<\/div>\n\n\t<div class=\"wpb_text_column wpb_content_element\" >\n\t\t<div class=\"wpb_wrapper\">\n\t\t\t<p style=\"text-align: center;\"><strong>Datos telef\u00f3nicas y correos:<\/strong><\/p>\n\n\t\t<\/div>\n\t<\/div>\n\n\t<div class=\"wpb_text_column wpb_content_element\" >\n\t\t<div class=\"wpb_wrapper\">\n\t\t\t<p style=\"text-align: center;\"><strong>Tel\u00e9fono<\/strong>: <span style=\"color: #202122;\"><span style=\"font-family: Arial, serif;\">659 89 07 86<\/span><\/span><\/p>\n\n\t\t<\/div>\n\t<\/div>\n\n\t<div class=\"wpb_text_column wpb_content_element\" >\n\t\t<div class=\"wpb_wrapper\">\n\t\t\t<p style=\"text-align: center;\"><strong>Email:<\/strong> <a href=\"mailto:alziraclubajedrez@gmail.com\">alziraclubajedrez@gmail.com<\/a><\/p>\n\n\t\t<\/div>\n\t<\/div>\n<div class=\"porto-separator\"><hr class=\"separator-line  align_center solid\"><\/div><div class=\"vc_btn3-container vc_btn3-center\" >\n\t<a class=\"vc_btn3 vc_btn3-shape-default btn btn-xl btn-primary\" href=\"https:\/\/esportsmunicipalsalzira.com\/es\/associacions\/\" title=\"\">VOLVER A ASOCIACIONES<\/a>\t<\/div>\n<\/div><\/div><\/div><\/div><\/div>","protected":false},"excerpt":{"rendered":"CLUB AJEDREZ ALZIRA Esport: AJEDREZ Ubicaci\u00f3: Carrer Pere Morell, 6 Alzira Equip Directiu i Altres: President: Jes\u00fas Gerona Maura Secretari: Juan Antonio Toledano Llinares Director t\u00e8cnic: German Porras Boronat Entrenadors: Jes\u00fas Gerona Maura y German Porras Boronat Lliga: 4 equips ALZIRA A-B-C-D Fundat: 1971 Dades telef\u00f2niques i correus: Tel\u00e8fon: 659 89 07 86 Email: alziraclubajedrez@gmail.com [...]","protected":false},"author":1,"featured_media":0,"parent":0,"menu_order":0,"comment_status":"closed","ping_status":"closed","template":"","meta":{"footnotes":""},"class_list":["post-2781","page","type-page","status-publish","hentry"],"_links":{"self":[{"href":"https:\/\/esportsmunicipalsalzira.com\/es\/wp-json\/wp\/v2\/pages\/2781","targetHints":{"allow":["GET"]}}],"collection":[{"href":"https:\/\/esportsmunicipalsalzira.com\/es\/wp-json\/wp\/v2\/pages"}],"about":[{"href":"https:\/\/esportsmunicipalsalzira.com\/es\/wp-json\/wp\/v2\/types\/page"}],"author":[{"embeddable":true,"href":"https:\/\/esportsmunicipalsalzira.com\/es\/wp-json\/wp\/v2\/users\/1"}],"replies":[{"embeddable":true,"href":"https:\/\/esportsmunicipalsalzira.com\/es\/wp-json\/wp\/v2\/comments?post=2781"}],"version-history":[{"count":2,"href":"https:\/\/esportsmunicipalsalzira.com\/es\/wp-json\/wp\/v2\/pages\/2781\/revisions"}],"predecessor-version":[{"id":3227,"href":"https:\/\/esportsmunicipalsalzira.com\/es\/wp-json\/wp\/v2\/pages\/2781\/revisions\/3227"}],"wp:attachment":[{"href":"https:\/\/esportsmunicipalsalzira.com\/es\/wp-json\/wp\/v2\/media?parent=2781"}],"curies":[{"name":"wp","href":"https:\/\/api.w.org\/{rel}","templated":true}]}}