{"id":2789,"date":"2020-12-07T11:45:24","date_gmt":"2020-12-07T10:45:24","guid":{"rendered":"https:\/\/esportsmunicipalsalzira.com\/?page_id=2789"},"modified":"2020-12-07T11:45:24","modified_gmt":"2020-12-07T10:45:24","slug":"club-atletisme-alzira","status":"publish","type":"page","link":"https:\/\/esportsmunicipalsalzira.com\/es\/club-atletisme-alzira\/","title":{"rendered":"CLUB ATLETISMO ALZIRA"},"content":{"rendered":"<div class=\"vc_row wpb_row row my-3 mt-md-0\"><div class=\"vc_column_container col-md-12\"><div class=\"wpb_wrapper vc_column-inner\">\n\t<div class=\"wpb_single_image wpb_content_element vc_align_center\">\n\t\t<div class=\"wpb_wrapper\">\n\t\t\t\n\t\t\t<div class=\"vc_single_image-wrapper   vc_box_border_grey\"><img loading=\"lazy\" decoding=\"async\" width=\"400\" height=\"400\" src=\"https:\/\/esportsmunicipalsalzira.com\/wp-content\/uploads\/2020\/12\/Club-Atletisme-Alzira.jpg\" class=\"vc_single_image-img attachment-full\" alt=\"\" srcset=\"https:\/\/esportsmunicipalsalzira.com\/wp-content\/uploads\/2020\/12\/Club-Atletisme-Alzira.jpg 400w, https:\/\/esportsmunicipalsalzira.com\/wp-content\/uploads\/2020\/12\/Club-Atletisme-Alzira-367x367.jpg 367w\" sizes=\"auto, (max-width: 400px) 100vw, 400px\" \/><\/div>\n\t\t<\/div>\n\t<\/div>\n<h1 style=\"text-align: center;letter-spacing:0\" class=\"vc_custom_heading pt-3 mb-0\">CLUB ATLETISMO ALZIRA<\/h1><div class=\"vc_empty_space\"   style=\"height: 100px\"><span class=\"vc_empty_space_inner\"><\/span><\/div><div class=\"porto-ultimate-content-box-container\"><style>#porto_ucb_3229{will-change: box-shadow;box-shadow:0px 0px 35px -5px rgba(0,0,0,0.1);}#porto_ucb_3229:hover{box-shadow:0px 0px 35px -5px rgba(0,0,0,0.1)}<\/style><div class=\"porto-ultimate-content-box vc_custom_1607333852201\" style=\"border:1px solid #e8e8e8;\" id=\"porto_ucb_3229\">\n\t<div class=\"wpb_text_column wpb_content_element\" >\n\t\t<div class=\"wpb_wrapper\">\n\t\t\t<p style=\"text-align: center;\"><strong>deporte: <\/strong><span style=\"color: #202122;\"><span style=\"font-family: Arial, sans-serif;\">ATLETISMO POPULAR.<\/span><\/span><\/p>\n\n\t\t<\/div>\n\t<\/div>\n\n\t<div class=\"wpb_text_column wpb_content_element\" >\n\t\t<div class=\"wpb_wrapper\">\n\t\t\t<p style=\"text-align: center;\"><strong>director t\u00e9cnico<\/strong>: Pablo G\u00f3mez Ferrer<\/p>\n\n\t\t<\/div>\n\t<\/div>\n\n\t<div class=\"wpb_text_column wpb_content_element\" >\n\t\t<div class=\"wpb_wrapper\">\n\t\t\t<p style=\"text-align: center;\"><strong>Liga<\/strong>: <span style=\"color: #202122;\"><span style=\"font-family: Arial, sans-serif;\">CIRCUITO DE CARRERAS POPULARES RIBERA X\u00daQUER.<\/span><\/span><\/p>\n\n\t\t<\/div>\n\t<\/div>\n\n\t<div class=\"wpb_text_column wpb_content_element\" >\n\t\t<div class=\"wpb_wrapper\">\n\t\t\t<p style=\"text-align: center;\"><strong>Usuario<\/strong>: <span style=\"color: #202122;\"><span style=\"font-family: Arial, sans-serif;\">1996<\/span><\/span><\/p>\n\n\t\t<\/div>\n\t<\/div>\n\n\t<div class=\"wpb_text_column wpb_content_element\" >\n\t\t<div class=\"wpb_wrapper\">\n\t\t\t<p style=\"text-align: center;\"><strong>historia: <\/strong><span style=\"color: #202122;\"><span style=\"font-family: Arial, sans-serif;\">MEDIA MARAT\u00d3N CIUDAD DE ALZIRA. 10K CIUDAD DE ALZIRA.<\/span><\/span><\/p>\n\n\t\t<\/div>\n\t<\/div>\n\n\t<div class=\"wpb_text_column wpb_content_element\" >\n\t\t<div class=\"wpb_wrapper\">\n\t\t\t<p style=\"text-align: center;\"><strong>Datos telef\u00f3nicas y correos:<\/strong><\/p>\n\n\t\t<\/div>\n\t<\/div>\n\n\t<div class=\"wpb_text_column wpb_content_element\" >\n\t\t<div class=\"wpb_wrapper\">\n\t\t\t<p style=\"text-align: center;\"><strong>Email:<\/strong> <a href=\"mailto:clubatletismoalzira@gmail.com\">clubatletismoalzira@gmail.com<\/a><\/p>\n\n\t\t<\/div>\n\t<\/div>\n\n\t<div class=\"wpb_text_column wpb_content_element\" >\n\t\t<div class=\"wpb_wrapper\">\n\t\t\t<p style=\"text-align: center;\"><strong>Redes sociales:<\/strong><\/p>\n\n\t\t<\/div>\n\t<\/div>\n\n\t<div class=\"wpb_text_column wpb_content_element\" >\n\t\t<div class=\"wpb_wrapper\">\n\t\t\t<p style=\"text-align: center;\"><strong>Facebook:<\/strong> <a href=\"https:\/\/www.facebook.com\/CLUB-ATLETISME-ALZIRA-273432402675883\">CLUB ATLETISMO ALZIRA<\/a><\/p>\n\n\t\t<\/div>\n\t<\/div>\n\n\t<div class=\"wpb_text_column wpb_content_element\" >\n\t\t<div class=\"wpb_wrapper\">\n\t\t\t<p style=\"text-align: center;\"><b>web:<\/b><a href=\"http:\/\/clubatletismealzira.blogspot.com\">clubatletismealzira.blogspot.com<\/a><\/p>\n\n\t\t<\/div>\n\t<\/div>\n<div class=\"porto-separator\"><hr class=\"separator-line  align_center solid\"><\/div><div class=\"vc_btn3-container vc_btn3-center\" >\n\t<a class=\"vc_btn3 vc_btn3-shape-default btn btn-xl btn-primary\" href=\"https:\/\/esportsmunicipalsalzira.com\/es\/associacions\/\" title=\"\">VOLVER A ASOCIACIONES<\/a>\t<\/div>\n<\/div><\/div><\/div><\/div><\/div>","protected":false},"excerpt":{"rendered":"CLUB ATLETISMO ALZIRA Deporte: ATLETISMO POPULAR. Director t\u00e9cnico: Pablo G\u00f3mez Ferrer Liga: CIRCUITO DE CARRERAS POPULARES RIBERA DE J\u00daCAR. Fundado: 1996 Historia: MEDIA MARAT\u00d3N CIUDAD DE ALZIRA. 10K CIUDAD DE ALZIRA. Datos telef\u00f3nicos y correos: Email: clubatletismoalzira@gmail.com Redes sociales: Facebook: CLUB ATLETISMO ALZIRA Web:clubatletismoalzira.blogspot.com VOLVER A ASOCIACIONES","protected":false},"author":1,"featured_media":0,"parent":0,"menu_order":0,"comment_status":"closed","ping_status":"closed","template":"","meta":{"footnotes":""},"class_list":["post-2789","page","type-page","status-publish","hentry"],"_links":{"self":[{"href":"https:\/\/esportsmunicipalsalzira.com\/es\/wp-json\/wp\/v2\/pages\/2789","targetHints":{"allow":["GET"]}}],"collection":[{"href":"https:\/\/esportsmunicipalsalzira.com\/es\/wp-json\/wp\/v2\/pages"}],"about":[{"href":"https:\/\/esportsmunicipalsalzira.com\/es\/wp-json\/wp\/v2\/types\/page"}],"author":[{"embeddable":true,"href":"https:\/\/esportsmunicipalsalzira.com\/es\/wp-json\/wp\/v2\/users\/1"}],"replies":[{"embeddable":true,"href":"https:\/\/esportsmunicipalsalzira.com\/es\/wp-json\/wp\/v2\/comments?post=2789"}],"version-history":[{"count":1,"href":"https:\/\/esportsmunicipalsalzira.com\/es\/wp-json\/wp\/v2\/pages\/2789\/revisions"}],"predecessor-version":[{"id":2793,"href":"https:\/\/esportsmunicipalsalzira.com\/es\/wp-json\/wp\/v2\/pages\/2789\/revisions\/2793"}],"wp:attachment":[{"href":"https:\/\/esportsmunicipalsalzira.com\/es\/wp-json\/wp\/v2\/media?parent=2789"}],"curies":[{"name":"wp","href":"https:\/\/api.w.org\/{rel}","templated":true}]}}