{"id":2861,"date":"2020-12-07T12:45:46","date_gmt":"2020-12-07T11:45:46","guid":{"rendered":"https:\/\/esportsmunicipalsalzira.com\/?page_id=2861"},"modified":"2020-12-07T12:45:46","modified_gmt":"2020-12-07T11:45:46","slug":"club-frontenis-alzira","status":"publish","type":"page","link":"https:\/\/esportsmunicipalsalzira.com\/es\/club-frontenis-alzira\/","title":{"rendered":"CLUB FRONTENIS ALZIRA"},"content":{"rendered":"<div class=\"vc_row wpb_row row my-3 mt-md-0\"><div class=\"vc_column_container col-md-12\"><div class=\"wpb_wrapper vc_column-inner\">\n\t<div class=\"wpb_single_image wpb_content_element vc_align_center\">\n\t\t<div class=\"wpb_wrapper\">\n\t\t\t\n\t\t\t<div class=\"vc_single_image-wrapper   vc_box_border_grey\"><img loading=\"lazy\" decoding=\"async\" width=\"400\" height=\"400\" src=\"https:\/\/esportsmunicipalsalzira.com\/wp-content\/uploads\/2020\/12\/CLUB-FRONTENIS.jpg\" class=\"vc_single_image-img attachment-full\" alt=\"\" srcset=\"https:\/\/esportsmunicipalsalzira.com\/wp-content\/uploads\/2020\/12\/CLUB-FRONTENIS.jpg 400w, https:\/\/esportsmunicipalsalzira.com\/wp-content\/uploads\/2020\/12\/CLUB-FRONTENIS-367x367.jpg 367w\" sizes=\"auto, (max-width: 400px) 100vw, 400px\" \/><\/div>\n\t\t<\/div>\n\t<\/div>\n<h1 style=\"text-align: center;letter-spacing:0\" class=\"vc_custom_heading pt-3 mb-0\">CLUB FRONTENIS ALZIRA<\/h1><div class=\"vc_empty_space\"   style=\"height: 100px\"><span class=\"vc_empty_space_inner\"><\/span><\/div><div class=\"porto-ultimate-content-box-container\"><style>#porto_ucb_9957{will-change: box-shadow;box-shadow:0px 0px 35px -5px rgba(0,0,0,0.1);}#porto_ucb_9957:hover{box-shadow:0px 0px 35px -5px rgba(0,0,0,0.1)}<\/style><div class=\"porto-ultimate-content-box vc_custom_1607333852201\" style=\"border:1px solid #e8e8e8;\" id=\"porto_ucb_9957\">\n\t<div class=\"wpb_text_column wpb_content_element\" >\n\t\t<div class=\"wpb_wrapper\">\n\t\t\t<p style=\"text-align: center;\"><strong>deporte:<\/strong> FRONTENIS<\/p>\n\n\t\t<\/div>\n\t<\/div>\n\n\t<div class=\"wpb_text_column wpb_content_element\" >\n\t\t<div class=\"wpb_wrapper\">\n\t\t\t<p style=\"text-align: center;\"><strong>ubicaci\u00f3n<\/strong>: C \/ VIRGEN DE LA MURTA S \/ N (CAMPO DEPORTES VENECIA)<\/p>\n\n\t\t<\/div>\n\t<\/div>\n\n\t<div class=\"wpb_text_column wpb_content_element\" >\n\t\t<div class=\"wpb_wrapper\">\n\t\t\t<p style=\"text-align: center;\"><strong>Equipo Directivo y Otros:<\/strong><\/p>\n\n\t\t<\/div>\n\t<\/div>\n\n\t<div class=\"wpb_text_column wpb_content_element\" >\n\t\t<div class=\"wpb_wrapper\">\n\t\t\t<p style=\"text-align: center;\"><strong>presidente:<\/strong> JOSE VTE MART\u00cdNEZ FERRER<\/p>\n\n\t\t<\/div>\n\t<\/div>\n\n\t<div class=\"wpb_text_column wpb_content_element\" >\n\t\t<div class=\"wpb_wrapper\">\n\t\t\t<p style=\"text-align: center;\"><strong>Equipo Directivo:<\/strong><\/p>\n\n\t\t<\/div>\n\t<\/div>\n\n\t<div class=\"wpb_text_column wpb_content_element\" >\n\t\t<div class=\"wpb_wrapper\">\n\t\t\t<p style=\"text-align: center;\"><strong>Secretario:<\/strong> JUAN ENRIQUE FURIO PELLICER<\/p>\n\n\t\t<\/div>\n\t<\/div>\n\n\t<div class=\"wpb_text_column wpb_content_element\" >\n\t\t<div class=\"wpb_wrapper\">\n\t\t\t<p style=\"text-align: center;\"><strong>Tesorero:<\/strong> RENE MARI Arnandis<\/p>\n\n\t\t<\/div>\n\t<\/div>\n\n\t<div class=\"wpb_text_column wpb_content_element\" >\n\t\t<div class=\"wpb_wrapper\">\n\t\t\t<p style=\"text-align: center;\"><strong>Liga<\/strong>: PRIMERA DIVISI\u00d3N (20\/21)<\/p>\n\n\t\t<\/div>\n\t<\/div>\n\n\t<div class=\"wpb_text_column wpb_content_element\" >\n\t\t<div class=\"wpb_wrapper\">\n\t\t\t<p style=\"text-align: center;\"><strong>Usuario<\/strong>: FINALES DE LOS 70<\/p>\n\n\t\t<\/div>\n\t<\/div>\n\n\t<div class=\"wpb_text_column wpb_content_element\" >\n\t\t<div class=\"wpb_wrapper\">\n\t\t\t<p style=\"text-align: center;\"><strong>historia:<\/strong><\/p>\n\n\t\t<\/div>\n\t<\/div>\n\n\t<div class=\"wpb_text_column wpb_content_element\" >\n\t\t<div class=\"wpb_wrapper\">\n\t\t\t<p style=\"text-align: center;\">DESDE SU FUNDACI\u00d3N EL CLUB HA IDO PARTICIPANDO EN TODAS LAS CATEGOR\u00cdAS DE FRONTENIS Y PELOTA DE VALENCIA, LLEGANDO A LA M\u00c1XIMA CATEGOR\u00cdA (TERRITORIAL) A MEDIADOS DE LOS 90, ACTUALMENTE MILITA EN LA PRIMERA DIVISI\u00d3N.<\/p>\n\n\t\t<\/div>\n\t<\/div>\n\n\t<div class=\"wpb_text_column wpb_content_element\" >\n\t\t<div class=\"wpb_wrapper\">\n\t\t\t<p style=\"text-align: center;\"><strong>Datos telef\u00f3nicas y correos:<\/strong><\/p>\n\n\t\t<\/div>\n\t<\/div>\n\n\t<div class=\"wpb_text_column wpb_content_element\" >\n\t\t<div class=\"wpb_wrapper\">\n\t\t\t<p style=\"text-align: center;\"><strong>Tel\u00e9fono<\/strong>: 620 07 94 68 JUAN, 617 08 46 06 JOSE VTE<\/p>\n\n\t\t<\/div>\n\t<\/div>\n\n\t<div class=\"wpb_text_column wpb_content_element\" >\n\t\t<div class=\"wpb_wrapper\">\n\t\t\t<p style=\"text-align: center;\"><strong>Email:<\/strong> <a href=\"mailto:jvmf76@yahoo.es\">jvmf76@yahoo.es<\/a> <a href=\"mailto:juanorei@hotmail.com\">juanorei@hotmail.com<\/a><\/p>\n\n\t\t<\/div>\n\t<\/div>\n\n\t<div class=\"wpb_text_column wpb_content_element\" >\n\t\t<div class=\"wpb_wrapper\">\n\t\t\t<p style=\"text-align: center;\"><strong>Redes sociales:<\/strong><\/p>\n\n\t\t<\/div>\n\t<\/div>\n\n\t<div class=\"wpb_text_column wpb_content_element\" >\n\t\t<div class=\"wpb_wrapper\">\n\t\t\t<p style=\"text-align: center;\"><strong>Facebook:<\/strong> <a href=\"https:\/\/www.facebook.com\/Club-Frontenis-Alzira-119251094843109\">CLUB FRONTENIS ALZIRA<\/a><\/p>\n\n\t\t<\/div>\n\t<\/div>\n<div class=\"porto-separator\"><hr class=\"separator-line  align_center solid\"><\/div><div class=\"vc_btn3-container vc_btn3-center\" >\n\t<a class=\"vc_btn3 vc_btn3-shape-default btn btn-xl btn-primary\" href=\"https:\/\/esportsmunicipalsalzira.com\/es\/associacions\/\" title=\"\">VOLVER A ASOCIACIONES<\/a>\t<\/div>\n<\/div><\/div><\/div><\/div><\/div>","protected":false},"excerpt":{"rendered":"CLUB FRONTENIS ALZIRA Esport: FRONTENIS Ubicaci\u00f3: C\/ VIRGEN DE LA MURTA S\/N (CAMPO DEPORTES VENECIA) Equip Directiu i Altres: President: JOSE VTE MART\u00cdNEZ FERRER Equip Directiu: Secretario: JUAN ENRIQUE FURIO PELLICER Tesorero: RENE MARI ARNANDIS Lliga: PRIMERA DIVISI\u00d3N (20\/21) Fundat: FINALES DE LOS 70 Hist\u00f2ria: DESDE SU FUNDACI\u00d3N EL CLUB HA IDO PARTICIPANDO EN TODAS [...]","protected":false},"author":1,"featured_media":0,"parent":0,"menu_order":0,"comment_status":"closed","ping_status":"closed","template":"","meta":{"footnotes":""},"class_list":["post-2861","page","type-page","status-publish","hentry"],"_links":{"self":[{"href":"https:\/\/esportsmunicipalsalzira.com\/es\/wp-json\/wp\/v2\/pages\/2861","targetHints":{"allow":["GET"]}}],"collection":[{"href":"https:\/\/esportsmunicipalsalzira.com\/es\/wp-json\/wp\/v2\/pages"}],"about":[{"href":"https:\/\/esportsmunicipalsalzira.com\/es\/wp-json\/wp\/v2\/types\/page"}],"author":[{"embeddable":true,"href":"https:\/\/esportsmunicipalsalzira.com\/es\/wp-json\/wp\/v2\/users\/1"}],"replies":[{"embeddable":true,"href":"https:\/\/esportsmunicipalsalzira.com\/es\/wp-json\/wp\/v2\/comments?post=2861"}],"version-history":[{"count":1,"href":"https:\/\/esportsmunicipalsalzira.com\/es\/wp-json\/wp\/v2\/pages\/2861\/revisions"}],"predecessor-version":[{"id":2868,"href":"https:\/\/esportsmunicipalsalzira.com\/es\/wp-json\/wp\/v2\/pages\/2861\/revisions\/2868"}],"wp:attachment":[{"href":"https:\/\/esportsmunicipalsalzira.com\/es\/wp-json\/wp\/v2\/media?parent=2861"}],"curies":[{"name":"wp","href":"https:\/\/api.w.org\/{rel}","templated":true}]}}