{"id":2910,"date":"2020-12-07T13:30:28","date_gmt":"2020-12-07T12:30:28","guid":{"rendered":"https:\/\/esportsmunicipalsalzira.com\/?page_id=2910"},"modified":"2020-12-07T13:30:28","modified_gmt":"2020-12-07T12:30:28","slug":"judo-club-alzira","status":"publish","type":"page","link":"https:\/\/esportsmunicipalsalzira.com\/es\/judo-club-alzira\/","title":{"rendered":"JUDO CLUB ALZIRA"},"content":{"rendered":"<div class=\"vc_row wpb_row row my-3 mt-md-0\"><div class=\"vc_column_container col-md-12\"><div class=\"wpb_wrapper vc_column-inner\">\n\t<div class=\"wpb_single_image wpb_content_element vc_align_center\">\n\t\t<div class=\"wpb_wrapper\">\n\t\t\t\n\t\t\t<div class=\"vc_single_image-wrapper   vc_box_border_grey\"><img loading=\"lazy\" decoding=\"async\" width=\"400\" height=\"400\" src=\"https:\/\/esportsmunicipalsalzira.com\/wp-content\/uploads\/2020\/12\/JUDO-CLUB-ALZIRA.jpg\" class=\"vc_single_image-img attachment-full\" alt=\"\" srcset=\"https:\/\/esportsmunicipalsalzira.com\/wp-content\/uploads\/2020\/12\/JUDO-CLUB-ALZIRA.jpg 400w, https:\/\/esportsmunicipalsalzira.com\/wp-content\/uploads\/2020\/12\/JUDO-CLUB-ALZIRA-367x367.jpg 367w\" sizes=\"auto, (max-width: 400px) 100vw, 400px\" \/><\/div>\n\t\t<\/div>\n\t<\/div>\n<h1 style=\"text-align: center;letter-spacing:0\" class=\"vc_custom_heading pt-3 mb-0\">JUDO CLUB ALZIRA<\/h1><div class=\"vc_empty_space\"   style=\"height: 100px\"><span class=\"vc_empty_space_inner\"><\/span><\/div><div class=\"porto-ultimate-content-box-container\"><style>#porto_ucb_4098{will-change: box-shadow;box-shadow:0px 0px 35px -5px rgba(0,0,0,0.1);}#porto_ucb_4098:hover{box-shadow:0px 0px 35px -5px rgba(0,0,0,0.1)}<\/style><div class=\"porto-ultimate-content-box vc_custom_1607333852201\" style=\"border:1px solid #e8e8e8;\" id=\"porto_ucb_4098\">\n\t<div class=\"wpb_text_column wpb_content_element\" >\n\t\t<div class=\"wpb_wrapper\">\n\t\t\t<p style=\"text-align: center;\"><strong>deporte: <\/strong><span style=\"color: #202122;\"><span style=\"font-family: Arial, sans-serif;\">JUDO Y DEFENSA PERSONAL<\/span><\/span><\/p>\n\n\t\t<\/div>\n\t<\/div>\n\n\t<div class=\"wpb_text_column wpb_content_element\" >\n\t\t<div class=\"wpb_wrapper\">\n\t\t\t<p style=\"text-align: center;\"><strong>ubicaci\u00f3n<\/strong>: <span style=\"color: #202122;\"><span style=\"font-family: Arial, sans-serif;\">Calle Pere Morell 13, 46600 Alzira (Valencia)<\/span><\/span><\/p>\n\n\t\t<\/div>\n\t<\/div>\n\n\t<div class=\"wpb_text_column wpb_content_element\" >\n\t\t<div class=\"wpb_wrapper\">\n\t\t\t<p style=\"text-align: center;\"><strong>Equipo Directivo y Otros:<\/strong><\/p>\n\n\t\t<\/div>\n\t<\/div>\n\n\t<div class=\"wpb_text_column wpb_content_element\" >\n\t\t<div class=\"wpb_wrapper\">\n\t\t\t<p style=\"text-align: center;\"><strong>presidente: <\/strong><span style=\"color: #202122;\"><span style=\"font-family: Arial, sans-serif;\">Patricia Blanes Pascual<\/span><\/span><\/p>\n\n\t\t<\/div>\n\t<\/div>\n\n\t<div class=\"wpb_text_column wpb_content_element\" >\n\t\t<div class=\"wpb_wrapper\">\n\t\t\t<p style=\"text-align: center;\"><strong>director t\u00e9cnico<\/strong>: <span style=\"color: #202122;\"><span style=\"font-family: Arial, sans-serif;\">Antonio Valcaneras Asunci\u00f3n<\/span><\/span><\/p>\n\n\t\t<\/div>\n\t<\/div>\n\n\t<div class=\"wpb_text_column wpb_content_element\" >\n\t\t<div class=\"wpb_wrapper\">\n\t\t\t<p style=\"text-align: center;\"><strong>entrenadores: <\/strong><span style=\"color: #202122;\"><span style=\"font-family: Arial, sans-serif;\">Antonio Valcaneras Asunci\u00f3n,\u00a0<\/span><\/span><span style=\"color: #202122;\"><span style=\"font-family: Arial, sans-serif;\">Ivan Palomares Alario,\u00a0<\/span><\/span><span style=\"color: #202122;\"><span style=\"font-family: Arial, sans-serif;\">Juan Felipe Piquer<\/span><\/span><\/p>\n\n\t\t<\/div>\n\t<\/div>\n\n\t<div class=\"wpb_text_column wpb_content_element\" >\n\t\t<div class=\"wpb_wrapper\">\n\t\t\t<p style=\"text-align: center;\"><strong>Liga<\/strong>: <span style=\"color: #202122;\"><span style=\"font-family: Arial, sans-serif;\">Federaci\u00f3n Valenciana de Judo<\/span><\/span><\/p>\n\n\t\t<\/div>\n\t<\/div>\n\n\t<div class=\"wpb_text_column wpb_content_element\" >\n\t\t<div class=\"wpb_wrapper\">\n\t\t\t<p style=\"text-align: center;\"><strong>Usuario<\/strong>: <span style=\"color: #202122;\"><span style=\"font-family: Arial, sans-serif;\">1981<\/span><\/span><\/p>\n\n\t\t<\/div>\n\t<\/div>\n\n\t<div class=\"wpb_text_column wpb_content_element\" >\n\t\t<div class=\"wpb_wrapper\">\n\t\t\t<p style=\"text-align: center;\"><strong>Datos telef\u00f3nicas y correos:<\/strong><\/p>\n\n\t\t<\/div>\n\t<\/div>\n\n\t<div class=\"wpb_text_column wpb_content_element\" >\n\t\t<div class=\"wpb_wrapper\">\n\t\t\t<p style=\"text-align: center;\"><strong>Tel\u00e9fono<\/strong>: <span style=\"color: #202122;\"><span style=\"font-family: Arial, sans-serif;\">638 67 75 31<\/span><\/span><\/p>\n\n\t\t<\/div>\n\t<\/div>\n\n\t<div class=\"wpb_text_column wpb_content_element\" >\n\t\t<div class=\"wpb_wrapper\">\n\t\t\t<p style=\"text-align: center;\"><strong>Email:<\/strong> <a href=\"mailto:clbdedoalzira@gmail.com\">clbdedoalzira@gmail.com<\/a><\/p>\n\n\t\t<\/div>\n\t<\/div>\n\n\t<div class=\"wpb_text_column wpb_content_element\" >\n\t\t<div class=\"wpb_wrapper\">\n\t\t\t<p style=\"text-align: center;\"><strong>Redes sociales:<\/strong><\/p>\n\n\t\t<\/div>\n\t<\/div>\n\n\t<div class=\"wpb_text_column wpb_content_element\" >\n\t\t<div class=\"wpb_wrapper\">\n\t\t\t<p style=\"text-align: center;\"><strong>Facebook:<\/strong> <a href=\"https:\/\/www.facebook.com\/JudoClubAlzira\">Judo Club Alzira<\/a><\/p>\n\n\t\t<\/div>\n\t<\/div>\n\n\t<div class=\"wpb_text_column wpb_content_element\" >\n\t\t<div class=\"wpb_wrapper\">\n\t\t\t<p style=\"text-align: center;\"><strong>Instagram:<\/strong> <a href=\"https:\/\/www.instagram.com\/judoclubalzira\/\">@judoclubalzira<\/a><\/p>\n\n\t\t<\/div>\n\t<\/div>\n\n\t<div class=\"wpb_text_column wpb_content_element\" >\n\t\t<div class=\"wpb_wrapper\">\n\t\t\t<p style=\"text-align: center;\"><b>web:<\/b><a href=\"https:\/\/judoalzira.wordpress.com\"> https:\/\/judoalzira.wordpress.com<\/a><\/p>\n\n\t\t<\/div>\n\t<\/div>\n<div class=\"porto-separator\"><hr class=\"separator-line  align_center solid\"><\/div><div class=\"vc_btn3-container vc_btn3-center\" >\n\t<a class=\"vc_btn3 vc_btn3-shape-default btn btn-xl btn-primary\" href=\"https:\/\/esportsmunicipalsalzira.com\/es\/associacions\/\" title=\"\">VOLVER A ASOCIACIONES<\/a>\t<\/div>\n<\/div><\/div><\/div><\/div><\/div>","protected":false},"excerpt":{"rendered":"JUDO CLUB ALZIRA Esport: JUDO Y DEFENSA PERSONAL Ubicaci\u00f3: Calle Pere Morell 13, 46600 Alzira ( Valencia ) Equip Directiu i Altres: President: Patricia Blanes Pascual Director t\u00e8cnic: Antonio Valcaneras Asunci\u00f3n Entrenadors: Antonio Valcaneras Asunci\u00f3n,\u00a0Ivan Palomares Alario,\u00a0Juan Felip Piquer Lliga: Federaci\u00f3n Valenciana de Judo Fundat: 1981 Dades telef\u00f2niques i correus: Tel\u00e8fon: 638 67 75 31 [...]","protected":false},"author":1,"featured_media":0,"parent":0,"menu_order":0,"comment_status":"closed","ping_status":"closed","template":"","meta":{"footnotes":""},"class_list":["post-2910","page","type-page","status-publish","hentry"],"_links":{"self":[{"href":"https:\/\/esportsmunicipalsalzira.com\/es\/wp-json\/wp\/v2\/pages\/2910","targetHints":{"allow":["GET"]}}],"collection":[{"href":"https:\/\/esportsmunicipalsalzira.com\/es\/wp-json\/wp\/v2\/pages"}],"about":[{"href":"https:\/\/esportsmunicipalsalzira.com\/es\/wp-json\/wp\/v2\/types\/page"}],"author":[{"embeddable":true,"href":"https:\/\/esportsmunicipalsalzira.com\/es\/wp-json\/wp\/v2\/users\/1"}],"replies":[{"embeddable":true,"href":"https:\/\/esportsmunicipalsalzira.com\/es\/wp-json\/wp\/v2\/comments?post=2910"}],"version-history":[{"count":1,"href":"https:\/\/esportsmunicipalsalzira.com\/es\/wp-json\/wp\/v2\/pages\/2910\/revisions"}],"predecessor-version":[{"id":2914,"href":"https:\/\/esportsmunicipalsalzira.com\/es\/wp-json\/wp\/v2\/pages\/2910\/revisions\/2914"}],"wp:attachment":[{"href":"https:\/\/esportsmunicipalsalzira.com\/es\/wp-json\/wp\/v2\/media?parent=2910"}],"curies":[{"name":"wp","href":"https:\/\/api.w.org\/{rel}","templated":true}]}}