{"id":2935,"date":"2020-12-07T14:05:02","date_gmt":"2020-12-07T13:05:02","guid":{"rendered":"https:\/\/esportsmunicipalsalzira.com\/?page_id=2935"},"modified":"2020-12-07T14:05:02","modified_gmt":"2020-12-07T13:05:02","slug":"rugby-club-alzira","status":"publish","type":"page","link":"https:\/\/esportsmunicipalsalzira.com\/es\/rugby-club-alzira\/","title":{"rendered":"Rugby Club Alzira"},"content":{"rendered":"<div class=\"vc_row wpb_row row my-3 mt-md-0\"><div class=\"vc_column_container col-md-12\"><div class=\"wpb_wrapper vc_column-inner\">\n\t<div class=\"wpb_single_image wpb_content_element vc_align_center\">\n\t\t<div class=\"wpb_wrapper\">\n\t\t\t\n\t\t\t<div class=\"vc_single_image-wrapper   vc_box_border_grey\"><img loading=\"lazy\" decoding=\"async\" width=\"400\" height=\"400\" src=\"https:\/\/esportsmunicipalsalzira.com\/wp-content\/uploads\/2020\/12\/Rugby-Club-Alzira.-Breve-historial-Logo.jpg\" class=\"vc_single_image-img attachment-full\" alt=\"\" srcset=\"https:\/\/esportsmunicipalsalzira.com\/wp-content\/uploads\/2020\/12\/Rugby-Club-Alzira.-Breve-historial-Logo.jpg 400w, https:\/\/esportsmunicipalsalzira.com\/wp-content\/uploads\/2020\/12\/Rugby-Club-Alzira.-Breve-historial-Logo-367x367.jpg 367w\" sizes=\"auto, (max-width: 400px) 100vw, 400px\" \/><\/div>\n\t\t<\/div>\n\t<\/div>\n<h1 style=\"text-align: center;letter-spacing:0\" class=\"vc_custom_heading pt-3 mb-0\">Rugby Club Alzira<\/h1><div class=\"vc_empty_space\"   style=\"height: 100px\"><span class=\"vc_empty_space_inner\"><\/span><\/div><div class=\"porto-ultimate-content-box-container\"><style>#porto_ucb_4321{will-change: box-shadow;box-shadow:0px 0px 35px -5px rgba(0,0,0,0.1);}#porto_ucb_4321:hover{box-shadow:0px 0px 35px -5px rgba(0,0,0,0.1)}<\/style><div class=\"porto-ultimate-content-box vc_custom_1607333852201\" style=\"border:1px solid #e8e8e8;\" id=\"porto_ucb_4321\">\n\t<div class=\"wpb_text_column wpb_content_element\" >\n\t\t<div class=\"wpb_wrapper\">\n\t\t\t<p style=\"text-align: center;\"><strong>deporte:<\/strong> RUGBY<\/p>\n\n\t\t<\/div>\n\t<\/div>\n\n\t<div class=\"wpb_text_column wpb_content_element\" >\n\t\t<div class=\"wpb_wrapper\">\n\t\t\t<p style=\"text-align: center;\"><strong>ubicaci\u00f3n<\/strong>Campo de Rugby &quot;Tom\u00e1s Pardo&quot;<\/p>\n\n\t\t<\/div>\n\t<\/div>\n\n\t<div class=\"wpb_text_column wpb_content_element\" >\n\t\t<div class=\"wpb_wrapper\">\n\t\t\t<p style=\"text-align: center;\"><strong>Equipo Directivo y Otros:<\/strong><\/p>\n\n\t\t<\/div>\n\t<\/div>\n\n\t<div class=\"wpb_text_column wpb_content_element\" >\n\t\t<div class=\"wpb_wrapper\">\n\t\t\t<p style=\"text-align: center;\"><strong>presidente:<\/strong> TOM\u00c1S PARDO<\/p>\n\n\t\t<\/div>\n\t<\/div>\n\n\t<div class=\"wpb_text_column wpb_content_element\" >\n\t\t<div class=\"wpb_wrapper\">\n\t\t\t<p style=\"text-align: center;\"><strong>Usuario:<\/strong> 17 de octubre de 1986<\/p>\n\n\t\t<\/div>\n\t<\/div>\n\n\t<div class=\"wpb_text_column wpb_content_element\" >\n\t\t<div class=\"wpb_wrapper\">\n\t\t\t<p style=\"text-align: center;\"><strong>historia:<\/strong><\/p>\n\n\t\t<\/div>\n\t<\/div>\n\n\t<div class=\"wpb_text_column wpb_content_element\" >\n\t\t<div class=\"wpb_wrapper\">\n\t\t\t<p style=\"text-align: center;\">\u00a0A\u00fanque de forma oficial el RC Alzira se funci\u00f3n el 17 de octubre de 1986, las actividades del Club se iniciaron Unos a\u00f1os antes, en septiembre de 1983.<br \/>\nEse a\u00f1o el RC Valencia Hab\u00eda ganado la liga en Divisi\u00f3n de Honor y en Agradecimiento a super jugador y entrenador de la delantera Tom\u00e1s Pardo, ya petici\u00f3n de \u00e9ste, el Club valenciano vino a jugar un partido de exhibiciones en el campo de f\u00fatbol de Tulell, al que asistieron centenar de escolares de toda las escuelas de Alzira.<br \/>\nTal fu\u00e9 el \u00e9xito del evento, que m\u00e1s de Doscientos ni\u00f1os y ni\u00f1as acudieron a apuntarse a la pr\u00e1ctica del rugby, y este fu\u00e9 el desencadenante para iniciar la andadura como Club. Integrados en la AD Murta (Asociaci\u00f3n deportiva local) empezar\u00f3n los Entrenamientos aquella primera generaci\u00f3n de j\u00f3venes jugadoras que a\u00f1os despu\u00e9s pasar\u00edan a formar Parte del equipo Senior, algunos de ellos con Mucha notoriedad como Jos\u00e9 Mar\u00eda Terol entre Otros.<br \/>\nTras dos a\u00f1os y con la escuela de Rugby consolidada con varios equipos federados Hasta la categor\u00eda de cadetes, surge la Necesidad de crear un equipo Senior para dar Continuidad a estos j\u00f3venes jugadoras. Fu\u00e9 ent\u00f3nces Cuando Tom\u00e1s Pardo debajo la alta competici\u00f3n como jugador en el RC Valencia para crear el nuevo equipo, ya bajo la denominaci\u00f3n de Rugby Club Alzira.<br \/>\nAyudado en esta tarea por Vicente Fuster Escandell - Otro jugador venideras de Francia como Tom\u00e1s Pardo y compa\u00f1ero en el RC Valencia -, Tom\u00e1s Pardo entrenar\u00e1 a este equipo del que tamb\u00e9 ser\u00e1 jugador, para afrontar sume primer Campeonato inscritos en la 2\u00aa Regional de la Comunidad Valenciana en la temporada 1985\/86, jugando sobre Partidos en el Campo de Venecia. El primer partido ser\u00eda en este campo el 27 de octubre de 1985 ante el Albacete.<br \/>\nSuperada esta primera temporada con una gran Progresi\u00f3n deportiva y alentados por D. Enrique M\u00e1\u00f1ez P\u00e9rez - Director de Hidroel\u00e9ctrica Espa\u00f1ola en Alzira y luego primer presidente de la Entidad -, se funda de forma oficial el Club el 17 de octubre de 1986.<br \/>\nSeg\u00fan reza en el acta fundacional, el Rugby Club Alzira iniciado super andadura legal el 17 de octubre de 1986, si\u00e9ndo sobre fundadoras D. Enrique M\u00e1\u00f1ez P\u00e9rez, D. Tom\u00e1s Pardo Vidal, D. Ra\u00fal Puerto Paz, D. Vicente Fuster Escandell, D . Bernardo March P\u00e9rez y D. Jos\u00e9 March P\u00e9rez.<\/p>\n<p style=\"text-align: center;\">Los COLORES del Club<br \/>\nNARANJA y NEGRO son los colores del Club, y sume adopci\u00f3n Tiene una curiosa explicaci\u00f3n. En la \u00e9poca de jugador de Tom\u00e1s Pardo en Francia, \u00e9ste era admirador del equipo RC Narbona miedo super estilo de juego y la calidad de sobre jugadoras, muchos de ellos internacionales, y los colores de este Club que militaba en la 1\u00aa Divisi\u00f3n francesa, eran precisamente lo naranja y el negro.<br \/>\nPor otra Parte, a super regreso a Alzira, sume ciudad natal, a Tom\u00e1s no le pas\u00f3 desapercibida la placa que anunciaba a la entrada de la Ciudad &quot;Alzira, Patria de la Naranja&quot;.<br \/>\nM\u00e1s tarde, Cuando D. Enrique M\u00e1\u00f1ez instante a Tom\u00e1s a fundar el Club, ambos comentaron que, si\u00e9ndo Alzira y sume comarca una zona eminentemente naranjera, el color naranja, bien pudiero ser representativo del Club y, As\u00ed Fue p\u00faas.<br \/>\nEL ESCUDO<br \/>\nEn la parte superior del escudo, apareceran las siglas RCA - Rugby Club Alzira -. Debajo de las mismas, se representa la figura de una zorra, en alusiones al refr\u00e1n Alzire\u00f1o &quot;Alzira cae de zorros&quot;, cuyo origen segun se dice, se debida a la abundancia en tiempos de este c\u00e1nido en la comarca.<br \/>\nComo an\u00e9cdota a las siglas del club - RCA -, a\u00f1os despu\u00e9s, alguien cay\u00f3 en la Cuenta de que, leidas al rev\u00e9s - ACR -, se pod\u00eda interpretar como &quot;Alzira cae de zorros&quot;, que era la postre, la idea original sobre la presencia de la figura de la raposa en el escudo.<br \/>\nMAYOR lograr DEPORTIVO<br \/>\nEn la temporada 1993\/94 se asciende a la 1\u00aa Divisi\u00f3n Nacional, gracias a la fusi\u00f3n que se Hab\u00eda Realizado con el CAU Valencia dos temporadas antes.<br \/>\nhttps:\/\/alzirarugby.club\/la-historia-del-rca\/rca-1990-1995\/<br \/>\nCampo de Rugby &quot;Tom\u00e1s Pardo&quot;<br \/>\nEn la temporada 2008\/09, estrenamos nuevo terreno de juego, que Se encuentra ubicado Dentro de las instalaciones de la Ciudad Deportiva Jorge Mart\u00ednez Aspar, sita en la Avenida Nueve de Octubre de Nuestra ciudad.<br \/>\nEl 5 de marzo de 2019, la Junta de Gobierno Local, Tomo el ACUERDO de asignar el n\u00famero de &quot;Tom\u00e1s Pardo Vidal&quot;, en el campo de rugby de la Ciudad Deportiva &quot;Jorge Mart\u00ednez Aspar&quot;, en Reconocimiento a la brillante trayectoria en el mundo del rugby local, nacional e internacional de Tom\u00e1s Pardo.<br \/>\nEl terreno de juego es de hierba natural, y Tiene unas dimensiones de 70 x 100 m.<\/p>\n<p style=\"text-align: center;\">TOM\u00c1S PARDO (Alzira, 14-9-1957)<br \/>\nPor su historial deportivo, podr\u00eda decirse que Tom\u00e1s Pardo es una de las figuras rugb\u00edsticas m\u00e1s relevantes de Nuestro pa\u00eds.<br \/>\nFundador del Rugby Club Alzira, Tom\u00e1s Hab\u00eda marchado cono sobre padres en Francia en 1960. En 1070 Empieza a jugar a rugby en los infantiles del Vichy donde pronto destaca y, a los 16 a\u00f1os ya debuta en el primer equipo en la 1\u00aa Divisi\u00f3n francesa.<br \/>\nCon 19 a\u00f1os FUE internacional juvenil en tres ocasiones, al tiempo que, dato super condiciones de doble nacionalidad, se reclamaci\u00f3n por la Selecci\u00f3n Espa\u00f1ola.<br \/>\n1978 ficha por el San Juan de Luz, tambi\u00e9n de la 1\u00aa Divisi\u00f3n, donde juego dos temporadas, si\u00e9ndo titular -a la vez- en la selecci\u00f3n Cote Basque, mejor selecci\u00f3n de Francia en Aquellos tiempos.<\/p>\n<p style=\"text-align: center;\">1980 vuelve a Espa\u00f1a forzada por el cumplimiento del Servicio Militar y ya se queda en Nuestro pa\u00eds, jugando en el Valencia RC y como titular indiscutible en la Selecci\u00f3n Nacional con 38 internacionalidades.<\/p>\n<p style=\"text-align: center;\">1983 funda el Rugby Club Alzira, si\u00e9ndo jugador, entrenador, directivo, ... y en suma, el alma mater del Club.<\/p>\n<p style=\"text-align: center;\">1983 fu\u00e9 el culmen en la trayectoria deportiva de Tom\u00e1s Pardo p\u00faas, en este a\u00f1o FUE convocado para formar parte del portal una Selecci\u00f3n Mundial que March de gira por Argentina, donde se enfrenta a Los Pumas (Selecci\u00f3n Argentina), en Buenos Aires. Un sue\u00f1o inimaginable poder jugar con Aquellos que eran sobre \u00eddolos, tales como los internacionales franceses Philippe Dintrans y Pierre Berbizier o los australianos Mark Ella y David Campese, Hasta completar una convocatoria de primeras figuras mundiales. No menos importantes eran los jugadores rivales de Lo Pumas, con n\u00fameros de talla internacional como Seraf\u00edn Dengra, Carlos Neira o el gran Hugo Porta, el mejor jugador argentino de la historia.<\/p>\n<p style=\"text-align: center;\">Como consecu\u00e8ncia de esa gira que duro un mes con la selecci\u00f3n mundial, Tom\u00e1s se convocado al a\u00f1o siguiente 1984, por la selecci\u00f3n Argentina para acero una gira por Sud\u00e1frica pero, para sortear el boicot a Sud\u00e1frica por el &quot;apartheid&quot;, estos comparezco como un combinado americano, &quot;Los Jaguares&quot; Sudamericanos, incorporando en sobre filas a un chileno, un uruguayo ya Nuestros compatriotas Tom\u00e1s Pardo y Santiago Santos, que pudieron as\u00ed saborear una gira con jugadoras de primer nivel mundial.<\/p>\n<p style=\"text-align: center;\">Tom\u00e1s juego los dos Partidos contra los Springboks (Selecci\u00f3n de Sud\u00e1frica) con Hugo Puerta de capit\u00e1n.<\/p>\n<p style=\"text-align: center;\">De 1995 a 1999 Tom\u00e1s FUE segundo entrenador de la Selecci\u00f3n Espa\u00f1ola, logrando clasificar a Espa\u00f1a por \u00fanica vez mundial jugadas en Escocia, Hecho que no ha vuelto a repetirse Hasta la fecha (2020).<\/p>\n<p style=\"text-align: center;\">Desde ent\u00f3nces, Tom\u00e1s ha Sido entrenador de varios equipos como el Valencia, CAU Valencia, Elche o el propio RC Alzira, adem\u00e1s de seleccionador seleccionador nacional en las categor\u00edas Sub 18 y Sub 23 y tamb\u00e9 de la selecci\u00f3n valenciana en varias de sobre categor\u00edas, todo Ello, compaginado con diferentes funciones en la Federaci\u00f3n Valenciana de Rugby en el largo del tiempo.<\/p>\n\n\t\t<\/div>\n\t<\/div>\n\n\t<div class=\"wpb_text_column wpb_content_element\" >\n\t\t<div class=\"wpb_wrapper\">\n\t\t\t<p style=\"text-align: center;\"><strong>Redes sociales:<\/strong><\/p>\n\n\t\t<\/div>\n\t<\/div>\n\n\t<div class=\"wpb_text_column wpb_content_element\" >\n\t\t<div class=\"wpb_wrapper\">\n\t\t\t<p style=\"text-align: center;\"><strong>Facebook:<\/strong> <a href=\"https:\/\/www.facebook.com\/Rugby-Club-Alzira-233846403364707\/ \">https:\/\/www.facebook.com\/Rugby-Club-Alzira-233846403364707\/ <\/a><\/p>\n\n\t\t<\/div>\n\t<\/div>\n\n\t<div class=\"wpb_text_column wpb_content_element\" >\n\t\t<div class=\"wpb_wrapper\">\n\t\t\t<p style=\"text-align: center;\"><b>web:<\/b><a href=\"https:\/\/alzirarugby.club\/ \"> https:\/\/alzirarugby.club\/ <\/a><\/p>\n\n\t\t<\/div>\n\t<\/div>\n<div class=\"porto-separator\"><hr class=\"separator-line  align_center solid\"><\/div><div class=\"vc_btn3-container vc_btn3-center\" >\n\t<a class=\"vc_btn3 vc_btn3-shape-default btn btn-xl btn-primary\" href=\"https:\/\/esportsmunicipalsalzira.com\/es\/associacions\/\" title=\"\">VOLVER A ASOCIACIONES<\/a>\t<\/div>\n<\/div><\/div><\/div><\/div><\/div>","protected":false},"excerpt":{"rendered":"Rugby Club Alzira Esport: RUGBY Ubicaci\u00f3: Campo de Rugby \u201cTom\u00e1s Pardo\u201d Equip Directiu i Altres: President: TOM\u00c1S PARDO Fundat: 17 de octubre de 1986 Hist\u00f2ria: \u00a0Aunque de forma oficial el RC Alzira se fund\u00f3 el 17 de octubre de 1986, las actividades del Club se iniciaron unos a\u00f1os antes, en septiembre de 1983. Ese a\u00f1o [...]","protected":false},"author":1,"featured_media":0,"parent":0,"menu_order":0,"comment_status":"closed","ping_status":"closed","template":"","meta":{"footnotes":""},"class_list":["post-2935","page","type-page","status-publish","hentry"],"_links":{"self":[{"href":"https:\/\/esportsmunicipalsalzira.com\/es\/wp-json\/wp\/v2\/pages\/2935","targetHints":{"allow":["GET"]}}],"collection":[{"href":"https:\/\/esportsmunicipalsalzira.com\/es\/wp-json\/wp\/v2\/pages"}],"about":[{"href":"https:\/\/esportsmunicipalsalzira.com\/es\/wp-json\/wp\/v2\/types\/page"}],"author":[{"embeddable":true,"href":"https:\/\/esportsmunicipalsalzira.com\/es\/wp-json\/wp\/v2\/users\/1"}],"replies":[{"embeddable":true,"href":"https:\/\/esportsmunicipalsalzira.com\/es\/wp-json\/wp\/v2\/comments?post=2935"}],"version-history":[{"count":1,"href":"https:\/\/esportsmunicipalsalzira.com\/es\/wp-json\/wp\/v2\/pages\/2935\/revisions"}],"predecessor-version":[{"id":2937,"href":"https:\/\/esportsmunicipalsalzira.com\/es\/wp-json\/wp\/v2\/pages\/2935\/revisions\/2937"}],"wp:attachment":[{"href":"https:\/\/esportsmunicipalsalzira.com\/es\/wp-json\/wp\/v2\/media?parent=2935"}],"curies":[{"name":"wp","href":"https:\/\/api.w.org\/{rel}","templated":true}]}}