{"id":3066,"date":"2020-12-07T17:40:11","date_gmt":"2020-12-07T16:40:11","guid":{"rendered":"https:\/\/esportsmunicipalsalzira.com\/?page_id=3066"},"modified":"2020-12-07T17:53:38","modified_gmt":"2020-12-07T16:53:38","slug":"politica-de-cookies","status":"publish","type":"page","link":"https:\/\/esportsmunicipalsalzira.com\/es\/politica-de-cookies\/","title":{"rendered":"Pol\u00edtica de Cookies"},"content":{"rendered":"<div class=\"vc_row wpb_row row\"><div class=\"vc_column_container col-md-12\"><div class=\"wpb_wrapper vc_column-inner\">\n\t<div class=\"wpb_text_column wpb_content_element  vc_custom_1607359165139\" >\n\t\t<div class=\"wpb_wrapper\">\n\t\t\t<h1 style=\"text-align: center;\">POL\u00cdTICA DE COOKIES<\/h1>\n\n\t\t<\/div>\n\t<\/div>\n\n\t<div class=\"wpb_text_column wpb_content_element\" >\n\t\t<div class=\"wpb_wrapper\">\n\t\t\t<p>El art\u00edculo 22.2\u00b0 de la LSSI establece que se podr\u00e1n utilizar dispositivos de almacenamiento y recuperaci\u00f3n de datos en equipos terminales de los destinatarios, a condici\u00f3n de que los mismos hayan dado su consentimiento despu\u00e9s de que se les haya facilitado informaci\u00f3n clara y completa sobre su utilizaci\u00f3n, en particular, sobre las finalidades del tratamiento de los datos, con arreglo a lo dispuesto en la normativa vigente de protecci\u00f3n de datos. A este respecto, puede que se depositen cookies en su equipo. Se trata de peque\u00f1os archivos cuya finalidad es recordar las p\u00e1ginas visitadas para facilitar la navegaci\u00f3n futura. Puede eliminar las cookies seleccionando la opci\u00f3n que su navegador tiene al efecto. En cualquier momento puede eliminar todas las cookies mediante la opci\u00f3n al efecto de su navegador.<\/p>\n<p>Tipo de cookies utilizadas y finalidades:<\/p>\n<p>El CMS (sistema de gesti\u00f3n de contenidos) que utiliza la Web recoge datos del usuario\/visitante a trav\u00e9s de cookies propias, para la finalidad de la gesti\u00f3n del contenido de la web, consinti\u00e9ndolo usted expresamente al haber aceptado la pol\u00edtica de cookies.<\/p>\n<p>La Web utiliza servicios de terceros correspondientes a Google.com, google.es, gstatics.com, Facebook.com, doubleclick.net<\/p>\n<p>Gu\u00eda de cookies:<\/p>\n<p>Cookies exceptuadas de informaci\u00f3n y consentimiento: estar\u00edan aquellas que tienen por finalidad:<\/p>\n<p>\u00b7Cookies de \u00abentrada del usuario\u00bb<br \/>\n\u00b7Cookies de autenticaci\u00f3n o identificaci\u00f3n de usuario (\u00fanicamente de sesi\u00f3n)<br \/>\n\u00b7Cookies de seguridad del usuario<br \/>\n\u00b7Cookies de sesi\u00f3n de reproductor multimedia<br \/>\n\u00b7Cookies de sesi\u00f3n para equilibrar la carga<br \/>\n\u00b7Cookies de personalizaci\u00f3n de la interfaz de usuario<br \/>\n\u00b7Cookies de complemento (plug-in) para intercambiar contenidos sociales<\/p>\n<p>Clasificaci\u00f3n de las cookies objeto de informaci\u00f3n y consentimiento, seg\u00fan informe de la Agencia Espa\u00f1ola de Protecci\u00f3n de Datos:<\/p>\n<p>1. Tipo de cookies seg\u00fan la entidad que las gestione:<br \/>\n\u2013 Cookies propias: Son aquellas que se env\u00edan al equipo terminal del usuario desde un equipo o dominio gestionado por el propio editor y desde el que se presta el servicio solicitado por el usuario.<br \/>\n\u2013 Cookies de tercero: Son aquellas que se env\u00edan al equipo terminal del usuario desde un equipo o dominio que no es gestionado por el editor, sino por otra entidad que trata los datos obtenidos a trav\u00e9s de las cookies.<br \/>\nEn caso de que las cookies sean instaladas desde un equipo o dominio gestionado por el propio editor pero la informaci\u00f3n que se recoja mediante \u00e9stas sea gestionada por un tercero, no pueden ser consideradas como cookies propias.<\/p>\n<p>2. Tipo de cookies seg\u00fan el plazo de tiempo que permanecen activadas en el terminal del usuario:<br \/>\n\u2013 Cookies de sesi\u00f3n: Son un tipo de cookies dise\u00f1adas para recabar y almacenar datos mientras el usuario accede a una p\u00e1gina web.<br \/>\n\u2013 Cookies persistentes: Son un tipo de cookies en el que los datos siguen almacenados en el terminal y pueden ser accedidos y tratados durante un per\u00edodo definido por el responsable de la cookie, y que puede ir de unos minutos a varios a\u00f1os.<\/p>\n<p>3. Tipo de cookies seg\u00fan su finalidad:<br \/>\n\u2013 Cookies t\u00e9cnicas: Son aqu\u00e9llas que permiten al usuario la navegaci\u00f3n a trav\u00e9s de una p\u00e1gina web, plataforma o aplicaci\u00f3n y la utilizaci\u00f3n de las diferentes opciones o servicios que en ella existan como, por ejemplo, controlar el tr\u00e1fico y la comunicaci\u00f3n de datos, identificar la sesi\u00f3n, acceder a partes de acceso restringido, recordar los elementos que integran un pedido, realizar el proceso de compra de un pedido, realizar la solicitud de evento v\u00eddeos o sonido o compartir contenidos a trav\u00e9s de redes sociales.<br \/>\n\u2013 Cookies de personalizaci\u00f3n: Son aqu\u00e9llas que permiten al usuario acceder al servicio con algunas caracter\u00edsticas de car\u00e1cter general predefinidas en funci\u00f3n de una serie de criterios en el terminal del usuario como por ejemplo ser\u00edan el idioma, el tipo de navegador a trav\u00e9s del cual accede al servicio, la configuraci\u00f3n regional desde donde accede al servicio, etc.<br \/>\n\u2013 Cookies de an\u00e1lisis: Son aquellas que permiten al responsable de las mismas, el seguimiento y an\u00e1lisis del comportamiento de los usuarios de los sitios web a los que est\u00e1n vinculadas. La informaci\u00f3n recogida mediante este tipo de cookies se utiliza en la medici\u00f3n de la actividad de los sitios web, aplicaci\u00f3n o plataforma y para la elaboraci\u00f3n de perfiles de navegaci\u00f3n de los usuarios de estos sitios, aplicaciones y plataformas, con el fin de introducir mejoras en funci\u00f3n del an\u00e1lisis de los datos de uso que realizan los usuarios del servicio.<br \/>\n\u2013 Cookies publicitarias: Son aquellas que permiten la gesti\u00f3n, de la forma m\u00e1s eficaz posible, de los espacios publicitarios que, en su caso, el editor haya incluido en una p\u00e1gina web, aplicaci\u00f3n o plataforma desde la que presta el servicio solicitado en base a criterios como el contenido editado o la frecuencia en la que se muestran los anuncios.<br \/>\n\u2013 Cookies de publicidad comportamental: Son aquellas que permiten la gesti\u00f3n, de la forma m\u00e1s eficaz posible, de los espacios publicitarios que, en su caso, el editor haya incluido en una p\u00e1gina web, aplicaci\u00f3n o plataforma desde la que presta el servicio solicitado. Estas cookies almacenan informaci\u00f3n del comportamiento de los usuarios obtenida a trav\u00e9s de la continua observaci\u00f3n de sus h\u00e1bitos de navegaci\u00f3n, lo que permite desarrollar un perfil espec\u00edfico para mostrar publicidad en funci\u00f3n del mismo.<\/p>\n<p>Puede usted permitir, bloquear o eliminar las cookies instaladas en su equipo mediante la configuraci\u00f3n de las opciones del navegador instalado en su ordenador, para m\u00e1s informaci\u00f3n pulse en el enlace que corresponda a su navegador:<\/p>\n<p>Firefox: http:\/\/support.mozilla.org\/es\/kb\/habilitar-y-deshabilitar-cookies-que-los-sitios-we<br \/>\nChrome: http:\/\/support.google.com\/chrome\/bin\/answer.py?hl=es&amp;answer=95647<br \/>\nExplorer: http:\/\/windows.microsoft.com\/es-es\/windows7\/how-to-manage-cookies-in-internet-explorer-9<br \/>\nSafari: http:\/\/support.apple.com\/kb\/ph5042<br \/>\nSafari para *IOS: http:\/\/support.apple.com\/kb\/ht1677?viewlocale=es_es&amp;locale=es_es<br \/>\nFlash *Player: http:\/\/www.macromedia.com\/support\/documentation\/es\/flashplayer\/help\/settings_manager07.html<\/p>\n\n\t\t<\/div>\n\t<\/div>\n<\/div><\/div><\/div>","protected":false},"excerpt":{"rendered":"POL\u00cdTICA DE COOKIES L'article 22.2\u00b0 de la *LSSI estableix que es podran utilitzar dispositius d'emmagatzematge i recuperaci\u00f3 de dades en equips terminals dels destinataris, a condici\u00f3 que els mateixos hagen donat el seu consentiment despr\u00e9s que se'ls haja facilitat informaci\u00f3 clara i completa sobre la seua utilitzaci\u00f3, en particular, sobre les finalitats del tractament de [...]","protected":false},"author":1,"featured_media":0,"parent":0,"menu_order":0,"comment_status":"closed","ping_status":"closed","template":"","meta":{"footnotes":""},"class_list":["post-3066","page","type-page","status-publish","hentry"],"_links":{"self":[{"href":"https:\/\/esportsmunicipalsalzira.com\/es\/wp-json\/wp\/v2\/pages\/3066","targetHints":{"allow":["GET"]}}],"collection":[{"href":"https:\/\/esportsmunicipalsalzira.com\/es\/wp-json\/wp\/v2\/pages"}],"about":[{"href":"https:\/\/esportsmunicipalsalzira.com\/es\/wp-json\/wp\/v2\/types\/page"}],"author":[{"embeddable":true,"href":"https:\/\/esportsmunicipalsalzira.com\/es\/wp-json\/wp\/v2\/users\/1"}],"replies":[{"embeddable":true,"href":"https:\/\/esportsmunicipalsalzira.com\/es\/wp-json\/wp\/v2\/comments?post=3066"}],"version-history":[{"count":4,"href":"https:\/\/esportsmunicipalsalzira.com\/es\/wp-json\/wp\/v2\/pages\/3066\/revisions"}],"predecessor-version":[{"id":3135,"href":"https:\/\/esportsmunicipalsalzira.com\/es\/wp-json\/wp\/v2\/pages\/3066\/revisions\/3135"}],"wp:attachment":[{"href":"https:\/\/esportsmunicipalsalzira.com\/es\/wp-json\/wp\/v2\/media?parent=3066"}],"curies":[{"name":"wp","href":"https:\/\/api.w.org\/{rel}","templated":true}]}}