{"id":3243,"date":"2021-01-11T10:53:32","date_gmt":"2021-01-11T09:53:32","guid":{"rendered":"https:\/\/esportsmunicipalsalzira.com\/?page_id=3243"},"modified":"2021-12-22T17:37:49","modified_gmt":"2021-12-22T16:37:49","slug":"inici","status":"publish","type":"page","link":"https:\/\/esportsmunicipalsalzira.com\/es\/","title":{"rendered":"Inicio"},"content":{"rendered":"<div class=\"vc_row wpb_row row\"><div class=\"vc_column_container col-md-12\"><div class=\"wpb_wrapper vc_column-inner\"><div class=\"vc_empty_space\"   style=\"height: 32px\"><span class=\"vc_empty_space_inner\"><\/span><\/div><h2 style=\"font-size: 1.75rem;line-height: 1\" class=\"vc_custom_heading mb-2 align-left\"><a href=\"https:\/\/prueba1.esportsmunicipalsalzira.com\/noticies\/\" title=\"Noticias\">NOTICIAS<\/a><\/h2><div class=\"vc_empty_space\"   style=\"height: 32px\"><span class=\"vc_empty_space_inner\"><\/span><\/div><div id=\"porto-blog-5588\" class=\"porto-blog wpb_content_element   wpb_custom_9c745ac33a8bb4820cfc6b89805915cc\">\t\t<div class=\"blog-posts posts-grid blog-posts-grid\">\r\n\t\t\t<div class=\"posts-container row\">\r\n\t\t<div class=\"post post-grid col-md-6 col-lg-4 post-title-simple post-10504 post type-post status-publish format-standard has-post-thumbnail hentry category-esports-alzira blog-post-item post-item-grid\">\n\t\t\t<div class=\"post-image img-thumbnail\">\n\t\t\t<a href=\"https:\/\/esportsmunicipalsalzira.com\/es\/ahir-es-va-celebrar-al-palau-desports-dalzira-lacte-de-lliurament-de-trofeus-als-jugadors-mes-regulars-de-la-lliga-2\/\">\n\t\t\t\t<img loading=\"lazy\" decoding=\"async\" width=\"450\" height=\"231\" src=\"https:\/\/esportsmunicipalsalzira.com\/wp-content\/uploads\/2026\/05\/695996631_1392141636280571_5594174162033426270_n-450x231.jpg\" alt=\"\" \/>\n\t\t\t<\/a>\n\t\t<\/div>\n\t\t<div class=\"post-item-content\">\n\t\t\t\t\t<span class=\"post-date\">05\/12\/2026<\/span>\n\t\t\t\t\t\t<h4 class=\"post-item-title\"><a href=\"https:\/\/esportsmunicipalsalzira.com\/es\/ahir-es-va-celebrar-al-palau-desports-dalzira-lacte-de-lliurament-de-trofeus-als-jugadors-mes-regulars-de-la-lliga-2\/\">Ayer se celebr\u00f3 en el Palacio de Deportes de Alzira el acto de entrega de trofeos a los jugadores m\u00e1s regulares de la Liga 2<\/a><\/h4>\n\t\t\t<\/div>\n<\/div>\n<div class=\"post post-grid col-md-6 col-lg-4 post-title-simple post-10502 post type-post status-publish format-standard has-post-thumbnail hentry category-esports-alzira blog-post-item post-item-grid\">\n\t\t\t<div class=\"post-image img-thumbnail\">\n\t\t\t<a href=\"https:\/\/esportsmunicipalsalzira.com\/es\/detru00e1s-de-cada-entrenamiento-cada-partido-y-cada-ilusiu00f3n-cumplida-hay-personas-y-empresas-que-creen-en-nosot\/\">\n\t\t\t\t<img loading=\"lazy\" decoding=\"async\" width=\"450\" height=\"231\" src=\"https:\/\/esportsmunicipalsalzira.com\/wp-content\/uploads\/2026\/05\/687145571_1326207709416316_8916232599768566156_n-450x231.jpg\" alt=\"\" \/>\n\t\t\t<\/a>\n\t\t<\/div>\n\t\t<div class=\"post-item-content\">\n\t\t\t\t\t<span class=\"post-date\">05\/11\/2026<\/span>\n\t\t\t\t\t\t<h4 class=\"post-item-title\"><a href=\"https:\/\/esportsmunicipalsalzira.com\/es\/detru00e1s-de-cada-entrenamiento-cada-partido-y-cada-ilusiu00f3n-cumplida-hay-personas-y-empresas-que-creen-en-nosot\/\">Detr\u00e1s de cada entrenamiento, cada partido y cada ilusi\u00f3n cumplida, hay personas y empresas que crean en nosotros<\/a><\/h4>\n\t\t\t<\/div>\n<\/div>\n<div class=\"post post-grid col-md-6 col-lg-4 post-title-simple post-10506 post type-post status-publish format-standard has-post-thumbnail hentry category-esports-alzira blog-post-item post-item-grid\">\n\t\t\t<div class=\"post-image img-thumbnail\">\n\t\t\t<a href=\"https:\/\/esportsmunicipalsalzira.com\/es\/campeonassss-en-asuncion4-titulo-consecutivo-muy-feliz-por-el-esfuerzo-de-toda-la-semana-queremos-masssssaguyjevete\/\">\n\t\t\t\t<img loading=\"lazy\" decoding=\"async\" width=\"450\" height=\"231\" src=\"https:\/\/esportsmunicipalsalzira.com\/wp-content\/uploads\/2026\/05\/696741314_18407254648146928_4112942297625714505_n-450x231.jpg\" alt=\"\" \/>\n\t\t\t<\/a>\n\t\t<\/div>\n\t\t<div class=\"post-item-content\">\n\t\t\t\t\t<span class=\"post-date\">05\/11\/2026<\/span>\n\t\t\t\t\t\t<h4 class=\"post-item-title\"><a href=\"https:\/\/esportsmunicipalsalzira.com\/es\/campeonassss-en-asuncion4-titulo-consecutivo-muy-feliz-por-el-esfuerzo-de-toda-la-semana-queremos-masssssaguyjevete\/\">CAMPEONASSSS EN ASUNCI\u00d3N 4 t\u00edtulo consecutivo Muy feliz por el esfuerzo de toda la semana QUEREMOS M\u00c1SSSS Aguyjevete<\/a><\/h4>\n\t\t\t<\/div>\n<\/div>\n\r\n\t\r\n\t\t\t<\/div>\r\n\t\t<\/div>\r\n\r\n\t\r\n\t\r\n\t<\/div><div class=\"vc_empty_space\"   style=\"height: 32px\"><span class=\"vc_empty_space_inner\"><\/span><\/div><div class=\"vc_btn3-container vc_btn3-center\" >\n\t<a class=\"vc_general vc_btn3 vc_btn3-size-xl vc_btn3-shape-default vc_btn3-style-classic vc_btn3-color-chino btn\" href=\"https:\/\/esportsmunicipalsalzira.com\/es\/noticies\/\" title=\"\">VER TODAS LAS NOTICIAS<\/a>\t<\/div>\n<\/div><\/div><\/div><div class=\"vc_row wpb_row section-angled section-angled-layer-bottom row-justify-content-center mb-5 mb-lg-0 vc_custom_1611825696861 section section-default mt-0 mb-0 section-no-borders porto-inner-container\"><div class=\"porto-wrap-container container\"><div class=\"row align-items-center\"><div class=\"mb-md-5 mb-xl-4 pb-xl-5 vc_column_container col-md-8 col-xl-6\"><div class=\"wpb_wrapper vc_column-inner\">\n\t<div class=\"wpb_single_image wpb_content_element vc_align_left   max-w-90 mb-0 pc-img\"data-appear-animation=\"fadeIn\" data-appear-animation-delay=\"200\">\n\t\t<div class=\"wpb_wrapper\">\n\t\t\t\n\t\t\t<div class=\"vc_single_image-wrapper   vc_box_border_grey\"><img loading=\"lazy\" decoding=\"async\" width=\"640\" height=\"426\" src=\"https:\/\/esportsmunicipalsalzira.com\/wp-content\/uploads\/2020\/12\/CROSS_ESCOLAR-1.jpg\" class=\"vc_single_image-img attachment-full\" alt=\"\" srcset=\"https:\/\/esportsmunicipalsalzira.com\/wp-content\/uploads\/2020\/12\/CROSS_ESCOLAR-1.jpg 640w, https:\/\/esportsmunicipalsalzira.com\/wp-content\/uploads\/2020\/12\/CROSS_ESCOLAR-1-400x266.jpg 400w, https:\/\/esportsmunicipalsalzira.com\/wp-content\/uploads\/2020\/12\/CROSS_ESCOLAR-1-367x244.jpg 367w\" sizes=\"auto, (max-width: 640px) 100vw, 640px\" \/><\/div>\n\t\t<\/div>\n\t<\/div>\n\n\t<div class=\"wpb_single_image wpb_content_element vc_align_left   pc-img-about pc-img\"data-appear-animation=\"zoomIn\" data-appear-animation-delay=\"300\">\n\t\t<div class=\"wpb_wrapper\">\n\t\t\t\n\t\t\t<div class=\"vc_single_image-wrapper   vc_box_border_grey\"><img loading=\"lazy\" decoding=\"async\" width=\"600\" height=\"800\" src=\"https:\/\/esportsmunicipalsalzira.com\/wp-content\/uploads\/2020\/12\/rugbyy.png\" class=\"vc_single_image-img attachment-full\" alt=\"\" srcset=\"https:\/\/esportsmunicipalsalzira.com\/wp-content\/uploads\/2020\/12\/rugbyy.png 600w, https:\/\/esportsmunicipalsalzira.com\/wp-content\/uploads\/2020\/12\/rugbyy-400x533.png 400w, https:\/\/esportsmunicipalsalzira.com\/wp-content\/uploads\/2020\/12\/rugbyy-367x489.png 367w\" sizes=\"auto, (max-width: 600px) 100vw, 600px\" \/><\/div>\n\t\t<\/div>\n\t<\/div>\n<\/div><\/div><div class=\"pl-md-4 pl-xl-5 py-lg-5 pt-xl-0 vc_column_container col-md-12 col-xl-6\"><div class=\"wpb_wrapper vc_column-inner\"><h2 style=\"font-size: 1.75rem;line-height: 1\" class=\"vc_custom_heading mb-2 align-left\">Si te gusta el deporte, Alzira es tu ciudad<\/h2><p  class=\"vc_custom_heading pt-2 mb-4 align-left\">El Servicio Municipal de Deportes de Alzira tiene como objetivo la mejora de la calidad de vida de los ciudadanos de Alzira y el fomento de h\u00e1bitos de vida saludables mediante la pr\u00e1ctica de actividades deportivas. Para conseguirlo, el departamento de Deportes est\u00e1 formado por un equipo multidisciplinar de profesionales del deporte del que forman parte: t\u00e9cnicos, monitores, socorristas, auxiliares administrativos, personal de mantenimiento y conserjes.<\/p><p  class=\"vc_custom_heading mb-3 align-left\">El impulso de la pr\u00e1ctica deportiva, tanto entre la poblaci\u00f3n escolar como entre la poblaci\u00f3n adulta, el apoyo a los clubes locales y el mantenimiento y mejora de las instalaciones deportivas municipales para ofrecer actividades deportivas para todas las edades son la tarea fundamental del Servicio Municipal de Deportes de Alzira (SERM).<\/p><p style=\"font-weight:700\" class=\"vc_custom_heading mb-3 align-left heading-primary\">NUESTROS DATOS<\/p><div class=\"vc_row wpb_row vc_inner row mb-4\"><div class=\"my-4 mb-lg-0 vc_column_container col-md-4 col-lg-3 col-6\"><div class=\"wpb_wrapper vc_column-inner\"><div class=\"stats-block stats-top  mb-0  wpb_custom_a517333ace5b1666c6af8bd4684f1de9\"><div class=\"stats-desc\"><div class=\"counter_prefix mycust\" style=\" font-weight:700;font-size:35px;line-height:1;color:#220c3c\">+<\/div><div id=\"counter_404859946a03ed4b9b9bc\" data-id=\"counter_404859946a03ed4b9b9bc\" class=\"stats-number\" style=\" font-weight:700;font-size:35px;line-height:1;color:#220c3c;\" data-speed=\"3\" data-counter-value=\"8000\" data-separator=\",\" data-decimal=\".\">0<\/div><div class=\"stats-text\" style=\"font-weight:300;font-size:.9em;line-height:1.2;color:#220c3c;\">deportistas<\/div><\/div><\/div><\/div><\/div><div class=\"my-4 mb-lg-0 vc_column_container col-md-4 col-lg-3 col-6\"><div class=\"wpb_wrapper vc_column-inner\"><div class=\"stats-block stats-top  mb-0  wpb_custom_a517333ace5b1666c6af8bd4684f1de9\"><div class=\"stats-desc\"><div id=\"counter_11809033366a03ed4b9bc1e\" data-id=\"counter_11809033366a03ed4b9bc1e\" class=\"stats-number\" style=\" font-weight:700;font-size:35px;line-height:1;color:#220c3c;\" data-speed=\"3\" data-counter-value=\"41\" data-separator=\",\" data-decimal=\".\">0<\/div><div class=\"stats-text\" style=\"font-weight:300;font-size:.9em;line-height:1.2;color:#220c3c;\">Asociaciones y escuelas deportivas<\/div><\/div><\/div><\/div><\/div><div class=\"my-4 mb-sm-0 vc_column_container col-md-4 col-lg-3 col-6\"><div class=\"wpb_wrapper vc_column-inner\"><div class=\"stats-block stats-top  mb-0  wpb_custom_a517333ace5b1666c6af8bd4684f1de9\"><div class=\"stats-desc\"><div id=\"counter_9879889756a03ed4b9be17\" data-id=\"counter_9879889756a03ed4b9be17\" class=\"stats-number\" style=\" font-weight:700;font-size:35px;line-height:1;color:#220c3c;\" data-speed=\"3\" data-counter-value=\"11\" data-separator=\",\" data-decimal=\".\">0<\/div><div class=\"stats-text\" style=\"font-weight:300;font-size:.9em;line-height:1.2;color:#220c3c;\">Instalaciones<\/div><\/div><\/div><\/div><\/div><\/div><\/div><\/div><\/div><\/div><\/div><div class=\"vc_row wpb_row section-angled section-angled-layer-bottom row-justify-content-center mb-5 mb-lg-0 vc_custom_1611825728077 section section-default mt-0 mb-0 section-no-borders porto-inner-container\"><div class=\"porto-wrap-container container\"><div class=\"row align-items-center\"><div class=\"mb-md-5 mb-xl-4 pb-xl-5 vc_column_container col-md-8 col-xl-6\"><div class=\"wpb_wrapper vc_column-inner\">\n\t<div class=\"wpb_single_image wpb_content_element vc_align_left   max-w-90 mb-0 pc-img\"data-appear-animation=\"fadeIn\" data-appear-animation-delay=\"200\">\n\t\t<div class=\"wpb_wrapper\">\n\t\t\t\n\t\t\t<div class=\"vc_single_image-wrapper   vc_box_border_grey\"><img loading=\"lazy\" decoding=\"async\" width=\"1019\" height=\"531\" src=\"https:\/\/esportsmunicipalsalzira.com\/wp-content\/uploads\/2020\/12\/TRINQUET-ALZIRA.jpg\" class=\"vc_single_image-img attachment-full\" alt=\"\" srcset=\"https:\/\/esportsmunicipalsalzira.com\/wp-content\/uploads\/2020\/12\/TRINQUET-ALZIRA.jpg 1019w, https:\/\/esportsmunicipalsalzira.com\/wp-content\/uploads\/2020\/12\/TRINQUET-ALZIRA-768x400.jpg 768w, https:\/\/esportsmunicipalsalzira.com\/wp-content\/uploads\/2020\/12\/TRINQUET-ALZIRA-640x334.jpg 640w, https:\/\/esportsmunicipalsalzira.com\/wp-content\/uploads\/2020\/12\/TRINQUET-ALZIRA-400x208.jpg 400w, https:\/\/esportsmunicipalsalzira.com\/wp-content\/uploads\/2020\/12\/TRINQUET-ALZIRA-367x191.jpg 367w\" sizes=\"auto, (max-width: 1019px) 100vw, 1019px\" \/><\/div>\n\t\t<\/div>\n\t<\/div>\n\n\t<div class=\"wpb_single_image wpb_content_element vc_align_left   pc-img-about pc-img\"data-appear-animation=\"zoomIn\" data-appear-animation-delay=\"300\">\n\t\t<div class=\"wpb_wrapper\">\n\t\t\t\n\t\t\t<div class=\"vc_single_image-wrapper   vc_box_border_grey\"><img loading=\"lazy\" decoding=\"async\" width=\"400\" height=\"550\" src=\"https:\/\/esportsmunicipalsalzira.com\/wp-content\/uploads\/2020\/12\/var2.jpg\" class=\"vc_single_image-img attachment-full\" alt=\"\" srcset=\"https:\/\/esportsmunicipalsalzira.com\/wp-content\/uploads\/2020\/12\/var2.jpg 400w, https:\/\/esportsmunicipalsalzira.com\/wp-content\/uploads\/2020\/12\/var2-367x505.jpg 367w\" sizes=\"auto, (max-width: 400px) 100vw, 400px\" \/><\/div>\n\t\t<\/div>\n\t<\/div>\n<div class=\"vc_empty_space\"   style=\"height: 100px\"><span class=\"vc_empty_space_inner\"><\/span><\/div><\/div><\/div><div class=\"pl-md-4 pl-xl-5 py-lg-5 pt-xl-0 vc_column_container col-md-12 col-xl-6\"><div class=\"wpb_wrapper vc_column-inner\"><h2 style=\"font-size: 1.75rem;line-height: 1\" class=\"vc_custom_heading mb-2 align-left\">STREAMING<\/h2><p style=\"font-size: 1.2em\" class=\"vc_custom_heading pt-2 mb-4 align-left\">Vive en directo el partido de tu equipo<\/p><p  class=\"vc_custom_heading mb-3 align-left\">Desde el departamento de deporte queremos fomentar el uso del deporte y que todo el mundo pueda ver en directo los partidos, ligas o campeonatos.\n<p>Por lo tanto, estamos haciendo retransmisiones en directo desde nuestra plataforma de Facebook, para que todo el mundo pueda disfrutar del deporte alzire\u00f1o.<\/p><\/p><div class=\"vc_empty_space\"   style=\"height: 32px\"><span class=\"vc_empty_space_inner\"><\/span><\/div><div class=\"vc_btn3-container vc_btn3-center\" >\n\t<a class=\"vc_general vc_btn3 vc_btn3-size-xl vc_btn3-shape-default vc_btn3-style-classic vc_btn3-color-chino btn\" href=\"https:\/\/www.facebook.com\/piscinalzira\/videos\/?ref=page_internal\" title=\"\" target=\"_blank\">VER DIRECTOS<\/a>\t<\/div>\n<\/div><\/div><\/div><\/div><\/div><div class=\"vc_row wpb_row section-angled-layer-bottom mb-5 mb-lg-0 porto-inner-container\"><div class=\"porto-wrap-container container\"><div class=\"row\"><div class=\"custom-select-slide active py-5 vc_column_container col-md-12 col-lg-4\"><div class=\"wpb_wrapper vc_column-inner\"><h4 style=\"font-size: 1.3125rem\" class=\"vc_custom_heading mt-lg-2 align-left\">Instalaciones Deportivas<\/h4><p  class=\"vc_custom_heading mb-2 align-left\">Las instalaciones deportivas de nuestro departamento est\u00e1n adaptadas para los diferentes tipos de deportes que realizan nuestros clubes.<\/p><p style=\"font-weight:700\" class=\"vc_custom_heading mb-0 mb-lg-3 align-left heading-primary\"><a href=\"https:\/\/esportsmunicipalsalzira.com\/es\/installacions-esportives\/\" title=\"About Us\">VER M\u00c1S<\/a><\/p><\/div><\/div><div class=\"custom-select-slide pt-lg-5 pb-5 vc_column_container col-md-12 col-lg-4\"><div class=\"wpb_wrapper vc_column-inner\"><h4 style=\"font-size: 1.3125rem\" class=\"vc_custom_heading mt-lg-2 align-left\">Escuelas Deportivas<\/h4><p  class=\"vc_custom_heading mb-2 align-left\">Dirigidas por los ni\u00f1os y ni\u00f1as de nuestra poblaci\u00f3n y ofrecen unas actividades polideportivas y recreativas de acuerdo con las necesidades del alumnado.<\/p><p style=\"font-weight:700\" class=\"vc_custom_heading mb-0 mb-lg-3 align-left heading-primary\"><a href=\"https:\/\/esportsmunicipalsalzira.com\/es\/escoles-esportives\/\" title=\"Escuelas Deportivas\">VER M\u00c1S<\/a><\/p><\/div><\/div><div class=\"custom-select-slide pt-lg-5 pb-5 vc_column_container col-md-12 col-lg-4\"><div class=\"wpb_wrapper vc_column-inner\"><h4 style=\"font-size: 1.3125rem\" class=\"vc_custom_heading mt-lg-2 align-left\">Asociaciones Deportivas<\/h4><p  class=\"vc_custom_heading mb-2 align-left\">En el departamento queremos fomentar el deporte en nuestro municipio, por lo tanto, damos a conocer los clubes que engloban el deporte alzire\u00f1o.<\/p><p style=\"font-weight:700\" class=\"vc_custom_heading mb-0 mb-lg-3 align-left heading-primary\"><a href=\"https:\/\/esportsmunicipalsalzira.com\/es\/associacions\/\">VER M\u00c1S<\/a><\/p><\/div><\/div><\/div><\/div><\/div>","protected":false},"excerpt":{"rendered":"CAMPEONASSSS EN ASUNCI\u00d3N\ud83c\udfc6\ud83c\udfc6\ud83c\udfc6\ud83c\udfc6 4 t\u00edtulo consecutivo\ud83e\udd79\ud83e\udd79\ud83e\udd79\ud83e\udd79 Muy feliz por el esfuerzo de toda la semana\ud83e\udec2\ud83e\udec2 QUEREMOS M\u00c1SSSSS\ud83d\udcaa\ud83c\udffd\ud83d\udcaa\ud83c\udffd Aguyjevete nd\u00e9ve, Paraguay \ud83c\uddf5\ud83c\uddfe Pr\u00f3xima parada: BUENOS AIRES \ud83c\udde6\ud83c\uddf7\ud83c\udde6\ud83c\uddf7\ud83c\udde6\ud83c\uddf7 Source","protected":false},"author":1,"featured_media":0,"parent":0,"menu_order":0,"comment_status":"closed","ping_status":"closed","template":"","meta":{"footnotes":""},"class_list":["post-3243","page","type-page","status-publish","hentry"],"_links":{"self":[{"href":"https:\/\/esportsmunicipalsalzira.com\/es\/wp-json\/wp\/v2\/pages\/3243","targetHints":{"allow":["GET"]}}],"collection":[{"href":"https:\/\/esportsmunicipalsalzira.com\/es\/wp-json\/wp\/v2\/pages"}],"about":[{"href":"https:\/\/esportsmunicipalsalzira.com\/es\/wp-json\/wp\/v2\/types\/page"}],"author":[{"embeddable":true,"href":"https:\/\/esportsmunicipalsalzira.com\/es\/wp-json\/wp\/v2\/users\/1"}],"replies":[{"embeddable":true,"href":"https:\/\/esportsmunicipalsalzira.com\/es\/wp-json\/wp\/v2\/comments?post=3243"}],"version-history":[{"count":10,"href":"https:\/\/esportsmunicipalsalzira.com\/es\/wp-json\/wp\/v2\/pages\/3243\/revisions"}],"predecessor-version":[{"id":3736,"href":"https:\/\/esportsmunicipalsalzira.com\/es\/wp-json\/wp\/v2\/pages\/3243\/revisions\/3736"}],"wp:attachment":[{"href":"https:\/\/esportsmunicipalsalzira.com\/es\/wp-json\/wp\/v2\/media?parent=3243"}],"curies":[{"name":"wp","href":"https:\/\/api.w.org\/{rel}","templated":true}]}}